{"id":3996,"date":"2023-07-13T08:49:23","date_gmt":"2023-07-13T06:49:23","guid":{"rendered":"https:\/\/acquavita.it\/privacy-policy\/"},"modified":"2025-04-22T11:29:30","modified_gmt":"2025-04-22T09:29:30","slug":"privacy-policy","status":"publish","type":"page","link":"https:\/\/acquavita.it\/de\/privacy-policy\/","title":{"rendered":"Privacy Policy"},"content":{"rendered":"\t\t<div data-elementor-type=\"wp-page\" data-elementor-id=\"3996\" class=\"elementor elementor-3996 elementor-1840\" data-elementor-post-type=\"page\">\n\t\t\t\t\t\t<section class=\"elementor-section elementor-top-section elementor-element elementor-element-b7657f1 elementor-section-full_width elementor-section-height-default elementor-section-height-default\" data-id=\"b7657f1\" data-element_type=\"section\" data-settings=\"{&quot;background_background&quot;:&quot;classic&quot;}\">\n\t\t\t\t\t\t<div class=\"elementor-container elementor-column-gap-default\">\n\t\t\t\t\t<div class=\"elementor-column elementor-col-100 elementor-top-column elementor-element elementor-element-2b88bba\" data-id=\"2b88bba\" data-element_type=\"column\" data-settings=\"{&quot;background_background&quot;:&quot;classic&quot;}\">\n\t\t\t<div class=\"elementor-widget-wrap elementor-element-populated\">\n\t\t\t\t\t\t<div class=\"elementor-element elementor-element-203a793 elementor-widget elementor-widget-image\" data-id=\"203a793\" data-element_type=\"widget\" data-widget_type=\"image.default\">\n\t\t\t\t<div class=\"elementor-widget-container\">\n\t\t\t\t\t\t\t\t\t\t\t\t\t\t\t<img fetchpriority=\"high\" decoding=\"async\" width=\"2400\" height=\"1500\" src=\"https:\/\/acquavita.it\/wp-content\/uploads\/2025\/04\/rebe-adelaida-zunQwMy5B6M-unsplash.jpg\" class=\"attachment-full size-full wp-image-3931\" alt=\"\" srcset=\"https:\/\/acquavita.it\/wp-content\/uploads\/2025\/04\/rebe-adelaida-zunQwMy5B6M-unsplash.jpg 2400w, https:\/\/acquavita.it\/wp-content\/uploads\/2025\/04\/rebe-adelaida-zunQwMy5B6M-unsplash-300x188.jpg 300w, https:\/\/acquavita.it\/wp-content\/uploads\/2025\/04\/rebe-adelaida-zunQwMy5B6M-unsplash-1024x640.jpg 1024w, https:\/\/acquavita.it\/wp-content\/uploads\/2025\/04\/rebe-adelaida-zunQwMy5B6M-unsplash-768x480.jpg 768w, https:\/\/acquavita.it\/wp-content\/uploads\/2025\/04\/rebe-adelaida-zunQwMy5B6M-unsplash-1536x960.jpg 1536w, https:\/\/acquavita.it\/wp-content\/uploads\/2025\/04\/rebe-adelaida-zunQwMy5B6M-unsplash-2048x1280.jpg 2048w\" sizes=\"(max-width: 2400px) 100vw, 2400px\" \/>\t\t\t\t\t\t\t\t\t\t\t\t\t\t\t<\/div>\n\t\t\t\t<\/div>\n\t\t\t\t<section class=\"elementor-section elementor-inner-section elementor-element elementor-element-5f9c77b elementor-section-boxed elementor-section-height-default elementor-section-height-default\" data-id=\"5f9c77b\" data-element_type=\"section\" data-settings=\"{&quot;background_background&quot;:&quot;classic&quot;}\">\n\t\t\t\t\t\t\t<div class=\"elementor-background-overlay\"><\/div>\n\t\t\t\t\t\t\t<div class=\"elementor-container elementor-column-gap-default\">\n\t\t\t\t\t<div class=\"elementor-column elementor-col-100 elementor-inner-column elementor-element elementor-element-e1a3cbe\" data-id=\"e1a3cbe\" data-element_type=\"column\" data-settings=\"{&quot;background_background&quot;:&quot;classic&quot;}\">\n\t\t\t<div class=\"elementor-widget-wrap elementor-element-populated\">\n\t\t\t\t\t<div class=\"elementor-background-overlay\"><\/div>\n\t\t\t\t\t\t<div class=\"elementor-element elementor-element-5fee450 elementor-widget elementor-widget-text-editor\" data-id=\"5fee450\" data-element_type=\"widget\" data-widget_type=\"text-editor.default\">\n\t\t\t\t<div class=\"elementor-widget-container\">\n\t\t\t\t\t\t\t\t\t<p>PRIVACY POLICY<\/p>\t\t\t\t\t\t\t\t<\/div>\n\t\t\t\t<\/div>\n\t\t\t\t<div class=\"elementor-element elementor-element-53faad8 elementor-widget elementor-widget-text-editor\" data-id=\"53faad8\" data-element_type=\"widget\" data-widget_type=\"text-editor.default\">\n\t\t\t\t<div class=\"elementor-widget-container\">\n\t\t\t\t\t\t\t\t\t<p>ACQUAVITA Rooms with Canal View<\/p>\t\t\t\t\t\t\t\t<\/div>\n\t\t\t\t<\/div>\n\t\t\t\t\t<\/div>\n\t\t<\/div>\n\t\t\t\t\t<\/div>\n\t\t<\/section>\n\t\t\t\t\t<\/div>\n\t\t<\/div>\n\t\t\t\t\t<\/div>\n\t\t<\/section>\n\t\t\t\t<section class=\"elementor-section elementor-top-section elementor-element elementor-element-e544399 elementor-section-boxed elementor-section-height-default elementor-section-height-default\" data-id=\"e544399\" data-element_type=\"section\" id=\"formbox\" data-settings=\"{&quot;background_background&quot;:&quot;classic&quot;}\">\n\t\t\t\t\t\t\t<div class=\"elementor-background-overlay\"><\/div>\n\t\t\t\t\t\t\t<div class=\"elementor-container elementor-column-gap-default\">\n\t\t\t\t\t<div class=\"elementor-column elementor-col-100 elementor-top-column elementor-element elementor-element-f035824\" data-id=\"f035824\" data-element_type=\"column\">\n\t\t\t<div class=\"elementor-widget-wrap elementor-element-populated\">\n\t\t\t\t\t\t<div class=\"elementor-element elementor-element-eaf611b no_br elementor-widget elementor-widget-text-editor\" data-id=\"eaf611b\" data-element_type=\"widget\" data-widget_type=\"text-editor.default\">\n\t\t\t\t<div class=\"elementor-widget-container\">\n\t\t\t\t\t\t\t\t\t<p>Questa pagina si descrivono le modalit\u00e0 di gestione del sito in riferimento al trattamento dei dati personali degli utenti che lo consultano.<br \/>Si tratta di un atto d\u2019informazione che \u00e8 reso ai sensi dell\u2019art. 13 del Regolamento UE 2016\/679 a coloro che interagiscono con i servizi web accessibili per via telematica tramite l\u2019indirizzo: https:\/\/acquavita.it<br \/>L\u2019informativa \u00e8 resa solo per questo sito e non anche per gli altri siti web, eventualmente consultati dall\u2019utente tramite i link esterni individuati nel sito o individuati nella policy cookie.<br \/>VENICE CENTRAL SML DI PADUANO NELLO SAS raccoglie e tratta i dati personali forniti volontariamente dall\u2019utente in occasione della richiesta di informazioni. I dati personali che raccoglie comprendono: nome, cognome, indirizzo e-mail e recapito telefonico.<br \/>VENICE CENTRAL SML DI PADUANO NELLO SAS non tratter\u00e0 nessun altro dato (all\u2019infuori di quelli forniti dall\u2019utente) e non traccer\u00e0 i vostri dati se non in formato anonimo.<br \/><br \/>FINALITA\u2019 DEL TRATTAMENTO<br \/>I dati personali forniti dagli utenti sono utilizzati per l\u2019invio di richiesta di informazioni presente nella pagina Contatti del sito e vengono rilasciati solo ed esclusivamente per inviare un preventivo o informazioni sui servizi offerti.<br \/><br \/>IL \u201cTITOLARE\u201d DEL TRATTAMENTO<br \/>A seguito della consultazione di questo sito possono essere trattati dati relativi a persone identificate o identificabili.<br \/>Il \u201ctitolare\u201d del loro trattamento \u00e8 VENICE CENTRAL SML DI PADUANO NELLO SAS<br \/>Situato a SESTIERE CASTELLO 6401 30122 VENEZIA (VE)<br \/>Tel.: 0415222767<br \/>Email: info@acquavita.it<br \/>Potrete inoltrare, quindi, qualunque quesito e\/o manifestazione dei vostri diritti al predetto indirizzo.<br \/><br \/>BASE GIURIDICA DEL TRATTAMENTO E LEGITTIMO INTERESSE<br \/>Ai sensi di quanto disposto dall\u2019art. 6, par. 1, lett. a) e f) del Regolamento UE n. 2016\/679 i dati sono legittimamente e lecitamente trattati in quanto l\u2019interessato ha espresso il proprio consenso al trattamento per le finalit\u00e0 qui definite. L\u2019interesse legittimo del trattamento dei dati da parte di VENICE CENTRAL SML DI PADUANO NELLO SAS \u00e8 la finalit\u00e0 di marketing diretto nonch\u00e9 l\u2019invio di materiale pubblicitario tramite newsletter e\/o di propozioni di tipo commerciale.<br \/><br \/>LUOGO E TRATTAMENTO DEI DATI<br \/>I trattamenti connessi ai servizi web di questo sito hanno luogo presso la sede di VENICE CENTRAL SML DI PADUANO NELLO SAS e sono curati solo da personale tecnico incaricato del trattamento. I dati degli utenti non saranno trasferiti o trattati in paesi all\u2019interno o al di fuori dell\u2019Unione europea o ad organizzazione internazionale.<br \/><br \/>PERIODO DI TRATTAMENTO E DI CONSERVAZIONE DEI DATI<br \/>Il Titolare tratter\u00e0 i Dati Personali per un arco di tempo non superiore a quello necessario al conseguimento delle finalit\u00e0 per le quali i dati personali sono trattati fino a revoca del consenso medesimo e comunque non oltre i 10 anni.<br \/>L\u2019utente pu\u00f2 in ogni momento cancellare il suo account o la sua registrazione al sito o chiedere l\u2019interruzione del trattamento o revocare il suo consenso, secondo le modalit\u00e0 indicate nella sezione diritti dell\u2019interessato.<br \/><br \/>DIRITTI DELL\u2019INTERESSATO<br \/>Nella qualit\u00e0 di interessati, gli utenti hanno i diritti di cui all\u2019art. 12 del Regolamento UE 2016\/679: in particolare, hanno il diritto di ottenere dal Titolare la conferma dell\u2019esistenza o meno di Dati personali che li riguardano e la loro comunicazione in forma intelligibile, oltre ad avere il diritto all\u2019accesso agli stessi; possono anche chiedere di conoscere l\u2019origine dei Dati Personali; le finalit\u00e0 e modalit\u00e0 del trattamento; possono anche ottenere una copia degli stessi, l\u2019aggiornamento, la rettifica ovvero la loro integrazione.<br \/>Gli utenti hanno altres\u00ec i diritti di cui agli artt. 16-21 Regolamento UE 2016\/679 (Diritto di rettifica, diritto all\u2019oblio, diritto di limitazione di trattamento, diritto alla portabilit\u00e0 dei dati, diritto di opposizione). Possono quindi, in ogni momento, chiedere di rettificare, revocare il loro consenso, cessare di essere registrati al sito, chiedendo l\u2019interruzione del trattamento, la cancellazione, la trasformazione in forma anonima o il blocco dei Dati Personali trattati. Possono opporsi, in tutto o in parte al trattamento: a) per motivi legittimi al trattamento dei Dati Personali che li riguardano; b) a fini di invio di materiale pubblicitario o per il compimento di ricerche di mercato o di comunicazione commerciale. A tal proposito, possono decidere di ricevere solo comunicazioni mediante modalit\u00e0 tradizionali ovvero solo comunicazioni automatizzate oppure nessuna delle due tipologie di comunicazione.<br \/>Gli utenti potranno infine promuovere reclamo all\u2019Autorit\u00e0 Garante della Privacy in Italia, oppure nel luogo in cui credi che sia generato un problema legato ai tuoi dati, ovvero rivolgersi alla stessa per richiedere informazioni in merito all\u2019esercizio dei propri diritti derivanti dal Regolamento UE 2016\/679.<br \/><br \/>MODALITA\u2019 DEL TRATTAMENTO<br \/>I dati personali sono trattati con strumenti automatizzati e non solo per il tempo strettamente necessario a conseguire gli scopi per cui sono stati raccolti. Specifiche misure di sicurezza sono osservate per prevenire la perdita dei dati, usi illeciti o non corretti ed accessi non autorizzati.<br \/><br \/>MODALITA\u2019 OBBLIGATORIA\/FACOLTATIVA DEL CONFERIMENTO DEI DATI<br \/>Il conferimento dei dati \u00e8 facoltativo. Il rifiuto a fornire i dati comporta l\u2019impossibilit\u00e0 di ottenere il servizio offerto da VENICE CENTRAL SML DI PADUANO NELLO SAS.<br \/><br \/>TIPI DI DATI TRATTATI<br \/>Quali dati condividi quando utilizzi acquavita.it?<br \/>\u2013 Dati identificativi: Nome, Cognome, Email e Recapito Telefonico.<br \/>\u2013 Dati sensibili: Tali dati non saranno condivisi in alcun modo con VENICE CENTRAL SML DI PADUANO NELLO SAS. Potresti condividere tali informazioni nel momento in cui richiedi informazioni o acquisti un prodotto presente nel sito.<br \/><br \/>In particolare con riferimento ai Dati di navigazione<br \/>I sistemi informatici e le procedure software preposte al funzionamento di questo sito web acquisiscono, nel corso del loro normale esercizio, alcuni dati personali la cui trasmissione \u00e8 implicita nell\u2019uso dei protocolli di comunicazione di Internet.<br \/>Si tratta d\u2019informazioni che non sono raccolte per essere associate a interessati identificati, ma che per loro stessa natura potrebbero, attraverso elaborazioni ed associazioni con dati detenuti da terzi, permettere di identificare gli utenti.<br \/>In questa categoria di dati rientrano gli indirizzi IP o i nomi a dominio dei computer utilizzati dagli utenti che si connettono al sito, gli indirizzi in notazione URI (Uniform Resource Identifier) delle risorse richieste, l\u2019orario della richiesta, il metodo utilizzato nel sottoporre la richiesta al server, la dimensione del file ottenuto in risposta, il codice numerico indicante lo stato della risposta data dal server (buon fine, errore, ecc.) ed altri parametri relativi al sistema operativo e all\u2019ambiente informatico dell\u2019utente.<br \/>Questi dati vengono utilizzati al solo fine di ricavare informazioni statistiche anonime sull\u2019uso del sito e per controllarne il corretto funzionamento e vengono cancellati immediatamente dopo l\u2019elaborazione. I dati potrebbero essere utilizzati per l\u2019accertamento di responsabilit\u00e0 in caso di ipotetici reati informatici ai danni del sito: salva questa eventualit\u00e0, allo stato i dati sui contatti web non persistono per pi\u00f9 di sette giorni.<br \/><br \/>Dati forniti volontariamente dall\u2019utente<br \/>L\u2019invio facoltativo, esplicito e volontario di posta elettronica agli indirizzi indicati su questo sito comporta la successiva acquisizione dell\u2019indirizzo del mittente, necessario per rispondere alle richieste, nonch\u00e9 degli eventuali altri dati personali inseriti nella missiva.<br \/>Specifiche informative di sintesi verranno progressivamente riportate o visualizzate nelle pagine del sito predisposte per particolari servizi a richiesta.<br \/><br \/>SITI WEB E SERVIZI DI TERZE PARTI<br \/>Questo Sito potrebbe contenere collegamenti ad altri siti Web che dispongono di una propria informativa sulla privacy che pu\u00f2 essere diverse da quella adottata da acquavita.it. VENICE CENTRAL SML DI PADUANO NELLO SAS, pertanto, non \u00e8 responsabile e non risponde di questi siti. Per ulteriori informazioni visita la pagina dedicata ai Cookie.<br \/><br \/>MODIFICA ALLA PRIVACY POLICY<br \/>La presente Privacy Policy, inclusa la sezione estesa dedicata ai Cookie, pu\u00f2 subire modifiche nel tempo \u2013 anche connesse all\u2019eventuale entrata in vigore di nuove normative di settore, all\u2019aggiornamento o erogazione di nuovi servizi ovvero ad intervenute innovazioni tecnologiche \u2013 per cui gli utenti sono invitati a consultare periodicamente questa pagina.<\/p>\t\t\t\t\t\t\t\t<\/div>\n\t\t\t\t<\/div>\n\t\t\t\t\t<\/div>\n\t\t<\/div>\n\t\t\t\t\t<\/div>\n\t\t<\/section>\n\t\t\t\t<\/div>\n\t\t","protected":false},"excerpt":{"rendered":"<p>PRIVACY POLICY ACQUAVITA Rooms with Canal View Questa pagina si descrivono le modalit\u00e0 di gestione del sito in riferimento al trattamento dei dati personali degli utenti che lo consultano.Si tratta di un atto d\u2019informazione che \u00e8 reso ai sensi dell\u2019art. 13 del Regolamento UE 2016\/679 a coloro che interagiscono con i servizi web accessibili per [&hellip;]<\/p>\n","protected":false},"author":1,"featured_media":0,"parent":0,"menu_order":0,"comment_status":"closed","ping_status":"closed","template":"","meta":{"inline_featured_image":false,"footnotes":""},"class_list":["post-3996","page","type-page","status-publish","hentry"],"yoast_head":"<!-- This site is optimized with the Yoast SEO plugin v26.8 - https:\/\/yoast.com\/product\/yoast-seo-wordpress\/ -->\n<title>Privacy Policy - Acquavita<\/title>\n<meta name=\"robots\" content=\"index, follow, max-snippet:-1, max-image-preview:large, max-video-preview:-1\" \/>\n<link rel=\"canonical\" href=\"https:\/\/acquavita.it\/de\/privacy-policy\/\" \/>\n<meta property=\"og:locale\" content=\"de_DE\" \/>\n<meta property=\"og:type\" content=\"article\" \/>\n<meta property=\"og:title\" content=\"Privacy Policy - Acquavita\" \/>\n<meta property=\"og:description\" content=\"PRIVACY POLICY ACQUAVITA Rooms with Canal View Questa pagina si descrivono le modalit\u00e0 di gestione del sito in riferimento al trattamento dei dati personali degli utenti che lo consultano.Si tratta di un atto d\u2019informazione che \u00e8 reso ai sensi dell\u2019art. 13 del Regolamento UE 2016\/679 a coloro che interagiscono con i servizi web accessibili per [&hellip;]\" \/>\n<meta property=\"og:url\" content=\"https:\/\/acquavita.it\/de\/privacy-policy\/\" \/>\n<meta property=\"og:site_name\" content=\"Acquavita\" \/>\n<meta property=\"article:modified_time\" content=\"2025-04-22T09:29:30+00:00\" \/>\n<meta property=\"og:image\" content=\"https:\/\/acquavita.it\/wp-content\/uploads\/2025\/04\/rebe-adelaida-zunQwMy5B6M-unsplash.jpg\" \/>\n<meta name=\"twitter:card\" content=\"summary_large_image\" \/>\n<meta name=\"twitter:label1\" content=\"Gesch\u00e4tzte Lesezeit\" \/>\n\t<meta name=\"twitter:data1\" content=\"6\u00a0Minuten\" \/>\n<script type=\"application\/ld+json\" class=\"yoast-schema-graph\">{\"@context\":\"https:\/\/schema.org\",\"@graph\":[{\"@type\":\"WebPage\",\"@id\":\"https:\/\/acquavita.it\/de\/privacy-policy\/\",\"url\":\"https:\/\/acquavita.it\/de\/privacy-policy\/\",\"name\":\"Privacy Policy - Acquavita\",\"isPartOf\":{\"@id\":\"https:\/\/acquavita.it\/#website\"},\"primaryImageOfPage\":{\"@id\":\"https:\/\/acquavita.it\/de\/privacy-policy\/#primaryimage\"},\"image\":{\"@id\":\"https:\/\/acquavita.it\/de\/privacy-policy\/#primaryimage\"},\"thumbnailUrl\":\"https:\/\/acquavita.it\/wp-content\/uploads\/2025\/04\/rebe-adelaida-zunQwMy5B6M-unsplash.jpg\",\"datePublished\":\"2023-07-13T06:49:23+00:00\",\"dateModified\":\"2025-04-22T09:29:30+00:00\",\"breadcrumb\":{\"@id\":\"https:\/\/acquavita.it\/de\/privacy-policy\/#breadcrumb\"},\"inLanguage\":\"de\",\"potentialAction\":[{\"@type\":\"ReadAction\",\"target\":[\"https:\/\/acquavita.it\/de\/privacy-policy\/\"]}]},{\"@type\":\"ImageObject\",\"inLanguage\":\"de\",\"@id\":\"https:\/\/acquavita.it\/de\/privacy-policy\/#primaryimage\",\"url\":\"https:\/\/acquavita.it\/wp-content\/uploads\/2025\/04\/rebe-adelaida-zunQwMy5B6M-unsplash.jpg\",\"contentUrl\":\"https:\/\/acquavita.it\/wp-content\/uploads\/2025\/04\/rebe-adelaida-zunQwMy5B6M-unsplash.jpg\"},{\"@type\":\"BreadcrumbList\",\"@id\":\"https:\/\/acquavita.it\/de\/privacy-policy\/#breadcrumb\",\"itemListElement\":[{\"@type\":\"ListItem\",\"position\":1,\"name\":\"Home\",\"item\":\"https:\/\/acquavita.it\/de\/\"},{\"@type\":\"ListItem\",\"position\":2,\"name\":\"Privacy Policy\"}]},{\"@type\":\"WebSite\",\"@id\":\"https:\/\/acquavita.it\/#website\",\"url\":\"https:\/\/acquavita.it\/\",\"name\":\"Acquavita\",\"description\":\"Smart rooms &amp; Canal view\",\"publisher\":{\"@id\":\"https:\/\/acquavita.it\/#organization\"},\"potentialAction\":[{\"@type\":\"SearchAction\",\"target\":{\"@type\":\"EntryPoint\",\"urlTemplate\":\"https:\/\/acquavita.it\/?s={search_term_string}\"},\"query-input\":{\"@type\":\"PropertyValueSpecification\",\"valueRequired\":true,\"valueName\":\"search_term_string\"}}],\"inLanguage\":\"de\"},{\"@type\":\"Organization\",\"@id\":\"https:\/\/acquavita.it\/#organization\",\"name\":\"Acquavita\",\"url\":\"https:\/\/acquavita.it\/\",\"logo\":{\"@type\":\"ImageObject\",\"inLanguage\":\"de\",\"@id\":\"https:\/\/acquavita.it\/#\/schema\/logo\/image\/\",\"url\":\"https:\/\/acquavita.it\/wp-content\/uploads\/2023\/10\/Icon.png\",\"contentUrl\":\"https:\/\/acquavita.it\/wp-content\/uploads\/2023\/10\/Icon.png\",\"width\":441,\"height\":149,\"caption\":\"Acquavita\"},\"image\":{\"@id\":\"https:\/\/acquavita.it\/#\/schema\/logo\/image\/\"}}]}<\/script>\n<!-- \/ Yoast SEO plugin. -->","yoast_head_json":{"title":"Privacy Policy - Acquavita","robots":{"index":"index","follow":"follow","max-snippet":"max-snippet:-1","max-image-preview":"max-image-preview:large","max-video-preview":"max-video-preview:-1"},"canonical":"https:\/\/acquavita.it\/de\/privacy-policy\/","og_locale":"de_DE","og_type":"article","og_title":"Privacy Policy - Acquavita","og_description":"PRIVACY POLICY ACQUAVITA Rooms with Canal View Questa pagina si descrivono le modalit\u00e0 di gestione del sito in riferimento al trattamento dei dati personali degli utenti che lo consultano.Si tratta di un atto d\u2019informazione che \u00e8 reso ai sensi dell\u2019art. 13 del Regolamento UE 2016\/679 a coloro che interagiscono con i servizi web accessibili per [&hellip;]","og_url":"https:\/\/acquavita.it\/de\/privacy-policy\/","og_site_name":"Acquavita","article_modified_time":"2025-04-22T09:29:30+00:00","og_image":[{"url":"https:\/\/acquavita.it\/wp-content\/uploads\/2025\/04\/rebe-adelaida-zunQwMy5B6M-unsplash.jpg","type":"","width":"","height":""}],"twitter_card":"summary_large_image","twitter_misc":{"Gesch\u00e4tzte Lesezeit":"6\u00a0Minuten"},"schema":{"@context":"https:\/\/schema.org","@graph":[{"@type":"WebPage","@id":"https:\/\/acquavita.it\/de\/privacy-policy\/","url":"https:\/\/acquavita.it\/de\/privacy-policy\/","name":"Privacy Policy - Acquavita","isPartOf":{"@id":"https:\/\/acquavita.it\/#website"},"primaryImageOfPage":{"@id":"https:\/\/acquavita.it\/de\/privacy-policy\/#primaryimage"},"image":{"@id":"https:\/\/acquavita.it\/de\/privacy-policy\/#primaryimage"},"thumbnailUrl":"https:\/\/acquavita.it\/wp-content\/uploads\/2025\/04\/rebe-adelaida-zunQwMy5B6M-unsplash.jpg","datePublished":"2023-07-13T06:49:23+00:00","dateModified":"2025-04-22T09:29:30+00:00","breadcrumb":{"@id":"https:\/\/acquavita.it\/de\/privacy-policy\/#breadcrumb"},"inLanguage":"de","potentialAction":[{"@type":"ReadAction","target":["https:\/\/acquavita.it\/de\/privacy-policy\/"]}]},{"@type":"ImageObject","inLanguage":"de","@id":"https:\/\/acquavita.it\/de\/privacy-policy\/#primaryimage","url":"https:\/\/acquavita.it\/wp-content\/uploads\/2025\/04\/rebe-adelaida-zunQwMy5B6M-unsplash.jpg","contentUrl":"https:\/\/acquavita.it\/wp-content\/uploads\/2025\/04\/rebe-adelaida-zunQwMy5B6M-unsplash.jpg"},{"@type":"BreadcrumbList","@id":"https:\/\/acquavita.it\/de\/privacy-policy\/#breadcrumb","itemListElement":[{"@type":"ListItem","position":1,"name":"Home","item":"https:\/\/acquavita.it\/de\/"},{"@type":"ListItem","position":2,"name":"Privacy Policy"}]},{"@type":"WebSite","@id":"https:\/\/acquavita.it\/#website","url":"https:\/\/acquavita.it\/","name":"Acquavita","description":"Smart rooms &amp; Canal view","publisher":{"@id":"https:\/\/acquavita.it\/#organization"},"potentialAction":[{"@type":"SearchAction","target":{"@type":"EntryPoint","urlTemplate":"https:\/\/acquavita.it\/?s={search_term_string}"},"query-input":{"@type":"PropertyValueSpecification","valueRequired":true,"valueName":"search_term_string"}}],"inLanguage":"de"},{"@type":"Organization","@id":"https:\/\/acquavita.it\/#organization","name":"Acquavita","url":"https:\/\/acquavita.it\/","logo":{"@type":"ImageObject","inLanguage":"de","@id":"https:\/\/acquavita.it\/#\/schema\/logo\/image\/","url":"https:\/\/acquavita.it\/wp-content\/uploads\/2023\/10\/Icon.png","contentUrl":"https:\/\/acquavita.it\/wp-content\/uploads\/2023\/10\/Icon.png","width":441,"height":149,"caption":"Acquavita"},"image":{"@id":"https:\/\/acquavita.it\/#\/schema\/logo\/image\/"}}]}},"_links":{"self":[{"href":"https:\/\/acquavita.it\/de\/wp-json\/wp\/v2\/pages\/3996","targetHints":{"allow":["GET"]}}],"collection":[{"href":"https:\/\/acquavita.it\/de\/wp-json\/wp\/v2\/pages"}],"about":[{"href":"https:\/\/acquavita.it\/de\/wp-json\/wp\/v2\/types\/page"}],"author":[{"embeddable":true,"href":"https:\/\/acquavita.it\/de\/wp-json\/wp\/v2\/users\/1"}],"replies":[{"embeddable":true,"href":"https:\/\/acquavita.it\/de\/wp-json\/wp\/v2\/comments?post=3996"}],"version-history":[{"count":1,"href":"https:\/\/acquavita.it\/de\/wp-json\/wp\/v2\/pages\/3996\/revisions"}],"predecessor-version":[{"id":4000,"href":"https:\/\/acquavita.it\/de\/wp-json\/wp\/v2\/pages\/3996\/revisions\/4000"}],"wp:attachment":[{"href":"https:\/\/acquavita.it\/de\/wp-json\/wp\/v2\/media?parent=3996"}],"curies":[{"name":"wp","href":"https:\/\/api.w.org\/{rel}","templated":true}]}}