{"id":4036,"date":"2023-05-22T12:25:39","date_gmt":"2023-05-22T10:25:39","guid":{"rendered":"https:\/\/acquavita.it\/dove-siamo\/"},"modified":"2025-04-30T08:45:56","modified_gmt":"2025-04-30T06:45:56","slug":"anfahrt","status":"publish","type":"page","link":"https:\/\/acquavita.it\/de\/anfahrt\/","title":{"rendered":"ANFAHRT"},"content":{"rendered":"\t\t<div data-elementor-type=\"wp-page\" data-elementor-id=\"4036\" class=\"elementor elementor-4036 elementor-191\" data-elementor-post-type=\"page\">\n\t\t\t\t\t\t<section class=\"elementor-section elementor-top-section elementor-element elementor-element-1f4a9d7 elementor-section-full_width elementor-section-height-default elementor-section-height-default\" data-id=\"1f4a9d7\" data-element_type=\"section\" data-e-type=\"section\" data-settings=\"{&quot;background_background&quot;:&quot;classic&quot;}\">\n\t\t\t\t\t\t<div class=\"elementor-container elementor-column-gap-default\">\n\t\t\t\t\t<div class=\"elementor-column elementor-col-100 elementor-top-column elementor-element elementor-element-027f1b2\" data-id=\"027f1b2\" data-element_type=\"column\" data-e-type=\"column\" data-settings=\"{&quot;background_background&quot;:&quot;classic&quot;}\">\n\t\t\t<div class=\"elementor-widget-wrap elementor-element-populated\">\n\t\t\t\t\t\t<div class=\"elementor-element elementor-element-28e8f8c elementor-widget elementor-widget-image\" data-id=\"28e8f8c\" data-element_type=\"widget\" data-e-type=\"widget\" data-widget_type=\"image.default\">\n\t\t\t\t<div class=\"elementor-widget-container\">\n\t\t\t\t\t\t\t\t\t\t\t\t\t\t\t<img fetchpriority=\"high\" decoding=\"async\" width=\"2400\" height=\"1500\" src=\"https:\/\/acquavita.it\/wp-content\/uploads\/2025\/04\/rebe-adelaida-zunQwMy5B6M-unsplash.jpg\" class=\"attachment-full size-full wp-image-3931\" alt=\"\" srcset=\"https:\/\/acquavita.it\/wp-content\/uploads\/2025\/04\/rebe-adelaida-zunQwMy5B6M-unsplash.jpg 2400w, https:\/\/acquavita.it\/wp-content\/uploads\/2025\/04\/rebe-adelaida-zunQwMy5B6M-unsplash-300x188.jpg 300w, https:\/\/acquavita.it\/wp-content\/uploads\/2025\/04\/rebe-adelaida-zunQwMy5B6M-unsplash-1024x640.jpg 1024w, https:\/\/acquavita.it\/wp-content\/uploads\/2025\/04\/rebe-adelaida-zunQwMy5B6M-unsplash-768x480.jpg 768w, https:\/\/acquavita.it\/wp-content\/uploads\/2025\/04\/rebe-adelaida-zunQwMy5B6M-unsplash-1536x960.jpg 1536w, https:\/\/acquavita.it\/wp-content\/uploads\/2025\/04\/rebe-adelaida-zunQwMy5B6M-unsplash-2048x1280.jpg 2048w\" sizes=\"(max-width: 2400px) 100vw, 2400px\" \/>\t\t\t\t\t\t\t\t\t\t\t\t\t\t\t<\/div>\n\t\t\t\t<\/div>\n\t\t\t\t<section class=\"elementor-section elementor-inner-section elementor-element elementor-element-c01037e elementor-section-boxed elementor-section-height-default elementor-section-height-default\" data-id=\"c01037e\" data-element_type=\"section\" data-e-type=\"section\" data-settings=\"{&quot;background_background&quot;:&quot;classic&quot;}\">\n\t\t\t\t\t\t\t<div class=\"elementor-background-overlay\"><\/div>\n\t\t\t\t\t\t\t<div class=\"elementor-container elementor-column-gap-default\">\n\t\t\t\t\t<div class=\"elementor-column elementor-col-100 elementor-inner-column elementor-element elementor-element-33726b9\" data-id=\"33726b9\" data-element_type=\"column\" data-e-type=\"column\" data-settings=\"{&quot;background_background&quot;:&quot;classic&quot;}\">\n\t\t\t<div class=\"elementor-widget-wrap elementor-element-populated\">\n\t\t\t\t\t<div class=\"elementor-background-overlay\"><\/div>\n\t\t\t\t\t\t<div class=\"elementor-element elementor-element-f5f10a0 elementor-widget elementor-widget-text-editor\" data-id=\"f5f10a0\" data-element_type=\"widget\" data-e-type=\"widget\" data-widget_type=\"text-editor.default\">\n\t\t\t\t<div class=\"elementor-widget-container\">\n\t\t\t\t\t\t\t\t\t<p>ACQUAVITA Rooms with Canal View<\/p>\t\t\t\t\t\t\t\t<\/div>\n\t\t\t\t<\/div>\n\t\t\t\t<div class=\"elementor-element elementor-element-62153ec elementor-widget elementor-widget-text-editor\" data-id=\"62153ec\" data-element_type=\"widget\" data-e-type=\"widget\" data-widget_type=\"text-editor.default\">\n\t\t\t\t<div class=\"elementor-widget-container\">\n\t\t\t\t\t\t\t\t\t<p>ANFAHRT<\/p>\t\t\t\t\t\t\t\t<\/div>\n\t\t\t\t<\/div>\n\t\t\t\t\t<\/div>\n\t\t<\/div>\n\t\t\t\t\t<\/div>\n\t\t<\/section>\n\t\t\t\t\t<\/div>\n\t\t<\/div>\n\t\t\t\t\t<\/div>\n\t\t<\/section>\n\t\t\t\t<section class=\"elementor-section elementor-top-section elementor-element elementor-element-e544399 elementor-section-boxed elementor-section-height-default elementor-section-height-default\" data-id=\"e544399\" data-element_type=\"section\" data-e-type=\"section\" data-settings=\"{&quot;background_background&quot;:&quot;classic&quot;}\">\n\t\t\t\t\t\t\t<div class=\"elementor-background-overlay\"><\/div>\n\t\t\t\t\t\t\t<div class=\"elementor-container elementor-column-gap-default\">\n\t\t\t\t\t<div class=\"elementor-column elementor-col-100 elementor-top-column elementor-element elementor-element-f035824\" data-id=\"f035824\" data-element_type=\"column\" data-e-type=\"column\">\n\t\t\t<div class=\"elementor-widget-wrap elementor-element-populated\">\n\t\t\t\t\t\t<div class=\"elementor-element elementor-element-1ddbc9a elementor-widget elementor-widget-heading\" data-id=\"1ddbc9a\" data-element_type=\"widget\" data-e-type=\"widget\" data-widget_type=\"heading.default\">\n\t\t\t\t<div class=\"elementor-widget-container\">\n\t\t\t\t\t<h2 class=\"elementor-heading-title elementor-size-default\">ADRESSE<\/h2>\t\t\t\t<\/div>\n\t\t\t\t<\/div>\n\t\t\t\t<div class=\"elementor-element elementor-element-5cf17b7 no_br elementor-widget elementor-widget-text-editor\" data-id=\"5cf17b7\" data-element_type=\"widget\" data-e-type=\"widget\" data-widget_type=\"text-editor.default\">\n\t\t\t\t<div class=\"elementor-widget-container\">\n\t\t\t\t\t\t\t\t\t<p>Cannaregio (Calle Venier) 4852<br \/>30121 Venezia<\/p><p>Um unsere Unterkunft auf Google Maps zu finden, klicken Sie auf den folgenden <span style=\"color: #484a4e;\">Link:\u00a0<a style=\"color: #484a4e;\" href=\"https:\/\/maps.app.goo.gl\/CE5zMkv6amvTNDuWA\" target=\"_blank\" rel=\"nofollow noopener\">https:\/\/maps.app.goo.gl\/CE5zMkv6amvTNDuWA<\/a><\/span><\/p>\t\t\t\t\t\t\t\t<\/div>\n\t\t\t\t<\/div>\n\t\t\t\t<div class=\"elementor-element elementor-element-03a39fc elementor-widget elementor-widget-google_maps\" data-id=\"03a39fc\" data-element_type=\"widget\" data-e-type=\"widget\" data-widget_type=\"google_maps.default\">\n\t\t\t\t<div class=\"elementor-widget-container\">\n\t\t\t\t\t\t\t<div class=\"elementor-custom-embed\">\n\t\t\t<iframe loading=\"lazy\"\n\t\t\t\t\tsrc=\"https:\/\/maps.google.com\/maps?q=Alloggi%20Acquavita%2C%20Calle%20Venier%2C%20Venezia%2C%20VE&#038;t=m&#038;z=17&#038;output=embed&#038;iwloc=near\"\n\t\t\t\t\ttitle=\"Alloggi Acquavita, Calle Venier, Venezia, VE\"\n\t\t\t\t\taria-label=\"Alloggi Acquavita, Calle Venier, Venezia, VE\"\n\t\t\t><\/iframe>\n\t\t<\/div>\n\t\t\t\t\t\t<\/div>\n\t\t\t\t<\/div>\n\t\t\t\t\t<\/div>\n\t\t<\/div>\n\t\t\t\t\t<\/div>\n\t\t<\/section>\n\t\t\t\t<section class=\"elementor-section elementor-top-section elementor-element elementor-element-77c3c7d elementor-section-full_width elementor-reverse-mobile elementor-section-height-default elementor-section-height-default\" data-id=\"77c3c7d\" data-element_type=\"section\" data-e-type=\"section\" data-settings=\"{&quot;background_background&quot;:&quot;classic&quot;}\">\n\t\t\t\t\t\t\t<div class=\"elementor-background-overlay\"><\/div>\n\t\t\t\t\t\t\t<div class=\"elementor-container elementor-column-gap-default\">\n\t\t\t\t\t<div class=\"elementor-column elementor-col-50 elementor-top-column elementor-element elementor-element-b5c83f2\" data-id=\"b5c83f2\" data-element_type=\"column\" data-e-type=\"column\">\n\t\t\t<div class=\"elementor-widget-wrap elementor-element-populated\">\n\t\t\t\t\t\t<div class=\"elementor-element elementor-element-4b10158 elementor-widget elementor-widget-heading\" data-id=\"4b10158\" data-element_type=\"widget\" data-e-type=\"widget\" data-widget_type=\"heading.default\">\n\t\t\t\t<div class=\"elementor-widget-container\">\n\t\t\t\t\t<h2 class=\"elementor-heading-title elementor-size-default\">N\u00dcTZLICHE INFORMATIONEN<\/h2>\t\t\t\t<\/div>\n\t\t\t\t<\/div>\n\t\t\t\t<div class=\"elementor-element elementor-element-e3e10f1 info_utili elementor-widget elementor-widget-text-editor\" data-id=\"e3e10f1\" data-element_type=\"widget\" data-e-type=\"widget\" data-widget_type=\"text-editor.default\">\n\t\t\t\t<div class=\"elementor-widget-container\">\n\t\t\t\t\t\t\t\t\t<p>Die n\u00e4chstgelegene Vaporetto-Haltestelle hei\u00dft \u201eFondamente Nove\u201c und kann mit dem Vaporetto 5.2 von der Bushaltestelle Piazzale Roma oder dem Bahnhof Santa Lucia oder vom Flughafen Marco Polo mit dem Vaporetto Alilaguna blaue Linie erreicht werden.<\/p><p>Um den Check-in- und Schl\u00fcssel\u00fcbergabeort \u201eAlloggi SS Giovanni e Paolo\u201c auf Google Maps zu finden, klicken Sie bitte auf den folgenden <span style=\"color: #484a4e;\">Link:\u00a0<a style=\"color: #484a4e;\" href=\"https:\/\/maps.app.goo.gl\/s6EE2t2Kf5QqiY9R7\" target=\"_blank\" rel=\"nofollow noopener\">https:\/\/maps.app.goo.gl\/s6EE2t2Kf5QqiY9R7<\/a><\/span><\/p><p>Die n\u00e4chstgelegene Vaporetto-Haltestelle zum Check-in-Standort hei\u00dft \u201eOspedale\u201c und kann mit dem Vaporetto 5.2 vom Busbahnhofe Piazzale Roma oder dem Bahnhof FS Santa Lucia oder vom Flughafen Marco Polo mit dem Vaporetto Alilaguna blaue Linie erreicht werden.<\/p>\t\t\t\t\t\t\t\t<\/div>\n\t\t\t\t<\/div>\n\t\t\t\t\t<\/div>\n\t\t<\/div>\n\t\t\t\t<div class=\"elementor-column elementor-col-50 elementor-top-column elementor-element elementor-element-22565eb\" data-id=\"22565eb\" data-element_type=\"column\" data-e-type=\"column\">\n\t\t\t<div class=\"elementor-widget-wrap elementor-element-populated\">\n\t\t\t\t\t\t<div class=\"elementor-element elementor-element-a530d6c elementor-widget elementor-widget-image\" data-id=\"a530d6c\" data-element_type=\"widget\" data-e-type=\"widget\" data-widget_type=\"image.default\">\n\t\t\t\t<div class=\"elementor-widget-container\">\n\t\t\t\t\t\t\t\t\t\t\t\t\t\t\t<img decoding=\"async\" width=\"1920\" height=\"2560\" src=\"https:\/\/acquavita.it\/wp-content\/uploads\/2025\/04\/IMG_20201117_110911-scaled-1.jpg\" class=\"attachment-full size-full wp-image-3780\" alt=\"\" srcset=\"https:\/\/acquavita.it\/wp-content\/uploads\/2025\/04\/IMG_20201117_110911-scaled-1.jpg 1920w, https:\/\/acquavita.it\/wp-content\/uploads\/2025\/04\/IMG_20201117_110911-scaled-1-225x300.jpg 225w, https:\/\/acquavita.it\/wp-content\/uploads\/2025\/04\/IMG_20201117_110911-scaled-1-768x1024.jpg 768w, https:\/\/acquavita.it\/wp-content\/uploads\/2025\/04\/IMG_20201117_110911-scaled-1-1152x1536.jpg 1152w, https:\/\/acquavita.it\/wp-content\/uploads\/2025\/04\/IMG_20201117_110911-scaled-1-1536x2048.jpg 1536w\" sizes=\"(max-width: 1920px) 100vw, 1920px\" \/>\t\t\t\t\t\t\t\t\t\t\t\t\t\t\t<\/div>\n\t\t\t\t<\/div>\n\t\t\t\t\t<\/div>\n\t\t<\/div>\n\t\t\t\t\t<\/div>\n\t\t<\/section>\n\t\t\t\t<\/div>\n\t\t","protected":false},"excerpt":{"rendered":"<p>ACQUAVITA Rooms with Canal View ANFAHRT ADRESSE Cannaregio (Calle Venier) 485230121 Venezia Um unsere Unterkunft auf Google Maps zu finden, klicken Sie auf den folgenden Link:\u00a0https:\/\/maps.app.goo.gl\/CE5zMkv6amvTNDuWA N\u00dcTZLICHE INFORMATIONEN Die n\u00e4chstgelegene Vaporetto-Haltestelle hei\u00dft \u201eFondamente Nove\u201c und kann mit dem Vaporetto 5.2 von der Bushaltestelle Piazzale Roma oder dem Bahnhof Santa Lucia oder vom Flughafen Marco Polo [&hellip;]<\/p>\n","protected":false},"author":1,"featured_media":0,"parent":0,"menu_order":0,"comment_status":"closed","ping_status":"closed","template":"","meta":{"inline_featured_image":false,"footnotes":""},"class_list":["post-4036","page","type-page","status-publish","hentry"],"yoast_head":"<!-- This site is optimized with the Yoast SEO plugin v27.6 - https:\/\/yoast.com\/product\/yoast-seo-wordpress\/ -->\n<title>ANFAHRT - Acquavita<\/title>\n<meta name=\"robots\" content=\"index, follow, max-snippet:-1, max-image-preview:large, max-video-preview:-1\" \/>\n<link rel=\"canonical\" href=\"https:\/\/acquavita.it\/de\/anfahrt\/\" \/>\n<meta property=\"og:locale\" content=\"de_DE\" \/>\n<meta property=\"og:type\" content=\"article\" \/>\n<meta property=\"og:title\" content=\"ANFAHRT - Acquavita\" \/>\n<meta property=\"og:description\" content=\"ACQUAVITA Rooms with Canal View ANFAHRT ADRESSE Cannaregio (Calle Venier) 485230121 Venezia Um unsere Unterkunft auf Google Maps zu finden, klicken Sie auf den folgenden Link:\u00a0https:\/\/maps.app.goo.gl\/CE5zMkv6amvTNDuWA N\u00dcTZLICHE INFORMATIONEN Die n\u00e4chstgelegene Vaporetto-Haltestelle hei\u00dft \u201eFondamente Nove\u201c und kann mit dem Vaporetto 5.2 von der Bushaltestelle Piazzale Roma oder dem Bahnhof Santa Lucia oder vom Flughafen Marco Polo [&hellip;]\" \/>\n<meta property=\"og:url\" content=\"https:\/\/acquavita.it\/de\/anfahrt\/\" \/>\n<meta property=\"og:site_name\" content=\"Acquavita\" \/>\n<meta property=\"article:modified_time\" content=\"2025-04-30T06:45:56+00:00\" \/>\n<meta property=\"og:image\" content=\"https:\/\/acquavita.it\/wp-content\/uploads\/2025\/04\/rebe-adelaida-zunQwMy5B6M-unsplash.jpg\" \/>\n\t<meta property=\"og:image:width\" content=\"2400\" \/>\n\t<meta property=\"og:image:height\" content=\"1500\" \/>\n\t<meta property=\"og:image:type\" content=\"image\/jpeg\" \/>\n<meta name=\"twitter:card\" content=\"summary_large_image\" \/>\n<meta name=\"twitter:label1\" content=\"Gesch\u00e4tzte Lesezeit\" \/>\n\t<meta name=\"twitter:data1\" content=\"2\u00a0Minuten\" \/>\n<script type=\"application\/ld+json\" class=\"yoast-schema-graph\">{\"@context\":\"https:\\\/\\\/schema.org\",\"@graph\":[{\"@type\":\"WebPage\",\"@id\":\"https:\\\/\\\/acquavita.it\\\/de\\\/anfahrt\\\/\",\"url\":\"https:\\\/\\\/acquavita.it\\\/de\\\/anfahrt\\\/\",\"name\":\"ANFAHRT - Acquavita\",\"isPartOf\":{\"@id\":\"https:\\\/\\\/acquavita.it\\\/de\\\/#website\"},\"primaryImageOfPage\":{\"@id\":\"https:\\\/\\\/acquavita.it\\\/de\\\/anfahrt\\\/#primaryimage\"},\"image\":{\"@id\":\"https:\\\/\\\/acquavita.it\\\/de\\\/anfahrt\\\/#primaryimage\"},\"thumbnailUrl\":\"https:\\\/\\\/acquavita.it\\\/wp-content\\\/uploads\\\/2025\\\/04\\\/rebe-adelaida-zunQwMy5B6M-unsplash.jpg\",\"datePublished\":\"2023-05-22T10:25:39+00:00\",\"dateModified\":\"2025-04-30T06:45:56+00:00\",\"breadcrumb\":{\"@id\":\"https:\\\/\\\/acquavita.it\\\/de\\\/anfahrt\\\/#breadcrumb\"},\"inLanguage\":\"de\",\"potentialAction\":[{\"@type\":\"ReadAction\",\"target\":[\"https:\\\/\\\/acquavita.it\\\/de\\\/anfahrt\\\/\"]}]},{\"@type\":\"ImageObject\",\"inLanguage\":\"de\",\"@id\":\"https:\\\/\\\/acquavita.it\\\/de\\\/anfahrt\\\/#primaryimage\",\"url\":\"https:\\\/\\\/acquavita.it\\\/wp-content\\\/uploads\\\/2025\\\/04\\\/rebe-adelaida-zunQwMy5B6M-unsplash.jpg\",\"contentUrl\":\"https:\\\/\\\/acquavita.it\\\/wp-content\\\/uploads\\\/2025\\\/04\\\/rebe-adelaida-zunQwMy5B6M-unsplash.jpg\"},{\"@type\":\"BreadcrumbList\",\"@id\":\"https:\\\/\\\/acquavita.it\\\/de\\\/anfahrt\\\/#breadcrumb\",\"itemListElement\":[{\"@type\":\"ListItem\",\"position\":1,\"name\":\"Home\",\"item\":\"https:\\\/\\\/acquavita.it\\\/de\\\/\"},{\"@type\":\"ListItem\",\"position\":2,\"name\":\"ANFAHRT\"}]},{\"@type\":\"WebSite\",\"@id\":\"https:\\\/\\\/acquavita.it\\\/de\\\/#website\",\"url\":\"https:\\\/\\\/acquavita.it\\\/de\\\/\",\"name\":\"Acquavita\",\"description\":\"Smart rooms &amp; Canal view\",\"publisher\":{\"@id\":\"https:\\\/\\\/acquavita.it\\\/de\\\/#organization\"},\"potentialAction\":[{\"@type\":\"SearchAction\",\"target\":{\"@type\":\"EntryPoint\",\"urlTemplate\":\"https:\\\/\\\/acquavita.it\\\/de\\\/?s={search_term_string}\"},\"query-input\":{\"@type\":\"PropertyValueSpecification\",\"valueRequired\":true,\"valueName\":\"search_term_string\"}}],\"inLanguage\":\"de\"},{\"@type\":\"Organization\",\"@id\":\"https:\\\/\\\/acquavita.it\\\/de\\\/#organization\",\"name\":\"Acquavita\",\"url\":\"https:\\\/\\\/acquavita.it\\\/de\\\/\",\"logo\":{\"@type\":\"ImageObject\",\"inLanguage\":\"de\",\"@id\":\"https:\\\/\\\/acquavita.it\\\/de\\\/#\\\/schema\\\/logo\\\/image\\\/\",\"url\":\"https:\\\/\\\/acquavita.it\\\/wp-content\\\/uploads\\\/2023\\\/10\\\/Icon.png\",\"contentUrl\":\"https:\\\/\\\/acquavita.it\\\/wp-content\\\/uploads\\\/2023\\\/10\\\/Icon.png\",\"width\":441,\"height\":149,\"caption\":\"Acquavita\"},\"image\":{\"@id\":\"https:\\\/\\\/acquavita.it\\\/de\\\/#\\\/schema\\\/logo\\\/image\\\/\"}}]}<\/script>\n<!-- \/ Yoast SEO plugin. -->","yoast_head_json":{"title":"ANFAHRT - Acquavita","robots":{"index":"index","follow":"follow","max-snippet":"max-snippet:-1","max-image-preview":"max-image-preview:large","max-video-preview":"max-video-preview:-1"},"canonical":"https:\/\/acquavita.it\/de\/anfahrt\/","og_locale":"de_DE","og_type":"article","og_title":"ANFAHRT - Acquavita","og_description":"ACQUAVITA Rooms with Canal View ANFAHRT ADRESSE Cannaregio (Calle Venier) 485230121 Venezia Um unsere Unterkunft auf Google Maps zu finden, klicken Sie auf den folgenden Link:\u00a0https:\/\/maps.app.goo.gl\/CE5zMkv6amvTNDuWA N\u00dcTZLICHE INFORMATIONEN Die n\u00e4chstgelegene Vaporetto-Haltestelle hei\u00dft \u201eFondamente Nove\u201c und kann mit dem Vaporetto 5.2 von der Bushaltestelle Piazzale Roma oder dem Bahnhof Santa Lucia oder vom Flughafen Marco Polo [&hellip;]","og_url":"https:\/\/acquavita.it\/de\/anfahrt\/","og_site_name":"Acquavita","article_modified_time":"2025-04-30T06:45:56+00:00","og_image":[{"width":2400,"height":1500,"url":"https:\/\/acquavita.it\/wp-content\/uploads\/2025\/04\/rebe-adelaida-zunQwMy5B6M-unsplash.jpg","type":"image\/jpeg"}],"twitter_card":"summary_large_image","twitter_misc":{"Gesch\u00e4tzte Lesezeit":"2\u00a0Minuten"},"schema":{"@context":"https:\/\/schema.org","@graph":[{"@type":"WebPage","@id":"https:\/\/acquavita.it\/de\/anfahrt\/","url":"https:\/\/acquavita.it\/de\/anfahrt\/","name":"ANFAHRT - Acquavita","isPartOf":{"@id":"https:\/\/acquavita.it\/de\/#website"},"primaryImageOfPage":{"@id":"https:\/\/acquavita.it\/de\/anfahrt\/#primaryimage"},"image":{"@id":"https:\/\/acquavita.it\/de\/anfahrt\/#primaryimage"},"thumbnailUrl":"https:\/\/acquavita.it\/wp-content\/uploads\/2025\/04\/rebe-adelaida-zunQwMy5B6M-unsplash.jpg","datePublished":"2023-05-22T10:25:39+00:00","dateModified":"2025-04-30T06:45:56+00:00","breadcrumb":{"@id":"https:\/\/acquavita.it\/de\/anfahrt\/#breadcrumb"},"inLanguage":"de","potentialAction":[{"@type":"ReadAction","target":["https:\/\/acquavita.it\/de\/anfahrt\/"]}]},{"@type":"ImageObject","inLanguage":"de","@id":"https:\/\/acquavita.it\/de\/anfahrt\/#primaryimage","url":"https:\/\/acquavita.it\/wp-content\/uploads\/2025\/04\/rebe-adelaida-zunQwMy5B6M-unsplash.jpg","contentUrl":"https:\/\/acquavita.it\/wp-content\/uploads\/2025\/04\/rebe-adelaida-zunQwMy5B6M-unsplash.jpg"},{"@type":"BreadcrumbList","@id":"https:\/\/acquavita.it\/de\/anfahrt\/#breadcrumb","itemListElement":[{"@type":"ListItem","position":1,"name":"Home","item":"https:\/\/acquavita.it\/de\/"},{"@type":"ListItem","position":2,"name":"ANFAHRT"}]},{"@type":"WebSite","@id":"https:\/\/acquavita.it\/de\/#website","url":"https:\/\/acquavita.it\/de\/","name":"Acquavita","description":"Smart rooms &amp; Canal view","publisher":{"@id":"https:\/\/acquavita.it\/de\/#organization"},"potentialAction":[{"@type":"SearchAction","target":{"@type":"EntryPoint","urlTemplate":"https:\/\/acquavita.it\/de\/?s={search_term_string}"},"query-input":{"@type":"PropertyValueSpecification","valueRequired":true,"valueName":"search_term_string"}}],"inLanguage":"de"},{"@type":"Organization","@id":"https:\/\/acquavita.it\/de\/#organization","name":"Acquavita","url":"https:\/\/acquavita.it\/de\/","logo":{"@type":"ImageObject","inLanguage":"de","@id":"https:\/\/acquavita.it\/de\/#\/schema\/logo\/image\/","url":"https:\/\/acquavita.it\/wp-content\/uploads\/2023\/10\/Icon.png","contentUrl":"https:\/\/acquavita.it\/wp-content\/uploads\/2023\/10\/Icon.png","width":441,"height":149,"caption":"Acquavita"},"image":{"@id":"https:\/\/acquavita.it\/de\/#\/schema\/logo\/image\/"}}]}},"_links":{"self":[{"href":"https:\/\/acquavita.it\/de\/wp-json\/wp\/v2\/pages\/4036","targetHints":{"allow":["GET"]}}],"collection":[{"href":"https:\/\/acquavita.it\/de\/wp-json\/wp\/v2\/pages"}],"about":[{"href":"https:\/\/acquavita.it\/de\/wp-json\/wp\/v2\/types\/page"}],"author":[{"embeddable":true,"href":"https:\/\/acquavita.it\/de\/wp-json\/wp\/v2\/users\/1"}],"replies":[{"embeddable":true,"href":"https:\/\/acquavita.it\/de\/wp-json\/wp\/v2\/comments?post=4036"}],"version-history":[{"count":8,"href":"https:\/\/acquavita.it\/de\/wp-json\/wp\/v2\/pages\/4036\/revisions"}],"predecessor-version":[{"id":4590,"href":"https:\/\/acquavita.it\/de\/wp-json\/wp\/v2\/pages\/4036\/revisions\/4590"}],"wp:attachment":[{"href":"https:\/\/acquavita.it\/de\/wp-json\/wp\/v2\/media?parent=4036"}],"curies":[{"name":"wp","href":"https:\/\/api.w.org\/{rel}","templated":true}]}}