{"id":4037,"date":"2023-05-22T12:25:39","date_gmt":"2023-05-22T10:25:39","guid":{"rendered":"https:\/\/acquavita.it\/dove-siamo\/"},"modified":"2025-04-30T08:46:23","modified_gmt":"2025-04-30T06:46:23","slug":"donde-estamos","status":"publish","type":"page","link":"https:\/\/acquavita.it\/es\/donde-estamos\/","title":{"rendered":"D\u00f3nde estamos"},"content":{"rendered":"\t\t<div data-elementor-type=\"wp-page\" data-elementor-id=\"4037\" class=\"elementor elementor-4037 elementor-191\" data-elementor-post-type=\"page\">\n\t\t\t\t\t\t<section class=\"elementor-section elementor-top-section elementor-element elementor-element-1f4a9d7 elementor-section-full_width elementor-section-height-default elementor-section-height-default\" data-id=\"1f4a9d7\" data-element_type=\"section\" data-e-type=\"section\" data-settings=\"{&quot;background_background&quot;:&quot;classic&quot;}\">\n\t\t\t\t\t\t<div class=\"elementor-container elementor-column-gap-default\">\n\t\t\t\t\t<div class=\"elementor-column elementor-col-100 elementor-top-column elementor-element elementor-element-027f1b2\" data-id=\"027f1b2\" data-element_type=\"column\" data-e-type=\"column\" data-settings=\"{&quot;background_background&quot;:&quot;classic&quot;}\">\n\t\t\t<div class=\"elementor-widget-wrap elementor-element-populated\">\n\t\t\t\t\t\t<div class=\"elementor-element elementor-element-28e8f8c elementor-widget elementor-widget-image\" data-id=\"28e8f8c\" data-element_type=\"widget\" data-e-type=\"widget\" data-widget_type=\"image.default\">\n\t\t\t\t<div class=\"elementor-widget-container\">\n\t\t\t\t\t\t\t\t\t\t\t\t\t\t\t<img fetchpriority=\"high\" decoding=\"async\" width=\"2400\" height=\"1500\" src=\"https:\/\/acquavita.it\/wp-content\/uploads\/2025\/04\/rebe-adelaida-zunQwMy5B6M-unsplash.jpg\" class=\"attachment-full size-full wp-image-3932\" alt=\"\" srcset=\"https:\/\/acquavita.it\/wp-content\/uploads\/2025\/04\/rebe-adelaida-zunQwMy5B6M-unsplash.jpg 2400w, https:\/\/acquavita.it\/wp-content\/uploads\/2025\/04\/rebe-adelaida-zunQwMy5B6M-unsplash-300x188.jpg 300w, https:\/\/acquavita.it\/wp-content\/uploads\/2025\/04\/rebe-adelaida-zunQwMy5B6M-unsplash-1024x640.jpg 1024w, https:\/\/acquavita.it\/wp-content\/uploads\/2025\/04\/rebe-adelaida-zunQwMy5B6M-unsplash-768x480.jpg 768w, https:\/\/acquavita.it\/wp-content\/uploads\/2025\/04\/rebe-adelaida-zunQwMy5B6M-unsplash-1536x960.jpg 1536w, https:\/\/acquavita.it\/wp-content\/uploads\/2025\/04\/rebe-adelaida-zunQwMy5B6M-unsplash-2048x1280.jpg 2048w\" sizes=\"(max-width: 2400px) 100vw, 2400px\" \/>\t\t\t\t\t\t\t\t\t\t\t\t\t\t\t<\/div>\n\t\t\t\t<\/div>\n\t\t\t\t<section class=\"elementor-section elementor-inner-section elementor-element elementor-element-c01037e elementor-section-boxed elementor-section-height-default elementor-section-height-default\" data-id=\"c01037e\" data-element_type=\"section\" data-e-type=\"section\" data-settings=\"{&quot;background_background&quot;:&quot;classic&quot;}\">\n\t\t\t\t\t\t\t<div class=\"elementor-background-overlay\"><\/div>\n\t\t\t\t\t\t\t<div class=\"elementor-container elementor-column-gap-default\">\n\t\t\t\t\t<div class=\"elementor-column elementor-col-100 elementor-inner-column elementor-element elementor-element-33726b9\" data-id=\"33726b9\" data-element_type=\"column\" data-e-type=\"column\" data-settings=\"{&quot;background_background&quot;:&quot;classic&quot;}\">\n\t\t\t<div class=\"elementor-widget-wrap elementor-element-populated\">\n\t\t\t\t\t<div class=\"elementor-background-overlay\"><\/div>\n\t\t\t\t\t\t<div class=\"elementor-element elementor-element-f5f10a0 elementor-widget elementor-widget-text-editor\" data-id=\"f5f10a0\" data-element_type=\"widget\" data-e-type=\"widget\" data-widget_type=\"text-editor.default\">\n\t\t\t\t<div class=\"elementor-widget-container\">\n\t\t\t\t\t\t\t\t\t<p>ACQUAVITA Rooms with Canal View<\/p>\t\t\t\t\t\t\t\t<\/div>\n\t\t\t\t<\/div>\n\t\t\t\t<div class=\"elementor-element elementor-element-62153ec elementor-widget elementor-widget-text-editor\" data-id=\"62153ec\" data-element_type=\"widget\" data-e-type=\"widget\" data-widget_type=\"text-editor.default\">\n\t\t\t\t<div class=\"elementor-widget-container\">\n\t\t\t\t\t\t\t\t\t<p>D\u00f3nde estamos<\/p>\t\t\t\t\t\t\t\t<\/div>\n\t\t\t\t<\/div>\n\t\t\t\t\t<\/div>\n\t\t<\/div>\n\t\t\t\t\t<\/div>\n\t\t<\/section>\n\t\t\t\t\t<\/div>\n\t\t<\/div>\n\t\t\t\t\t<\/div>\n\t\t<\/section>\n\t\t\t\t<section class=\"elementor-section elementor-top-section elementor-element elementor-element-e544399 elementor-section-boxed elementor-section-height-default elementor-section-height-default\" data-id=\"e544399\" data-element_type=\"section\" data-e-type=\"section\" data-settings=\"{&quot;background_background&quot;:&quot;classic&quot;}\">\n\t\t\t\t\t\t\t<div class=\"elementor-background-overlay\"><\/div>\n\t\t\t\t\t\t\t<div class=\"elementor-container elementor-column-gap-default\">\n\t\t\t\t\t<div class=\"elementor-column elementor-col-100 elementor-top-column elementor-element elementor-element-f035824\" data-id=\"f035824\" data-element_type=\"column\" data-e-type=\"column\">\n\t\t\t<div class=\"elementor-widget-wrap elementor-element-populated\">\n\t\t\t\t\t\t<div class=\"elementor-element elementor-element-1ddbc9a elementor-widget elementor-widget-heading\" data-id=\"1ddbc9a\" data-element_type=\"widget\" data-e-type=\"widget\" data-widget_type=\"heading.default\">\n\t\t\t\t<div class=\"elementor-widget-container\">\n\t\t\t\t\t<h2 class=\"elementor-heading-title elementor-size-default\">DIRECCI\u00d3N<\/h2>\t\t\t\t<\/div>\n\t\t\t\t<\/div>\n\t\t\t\t<div class=\"elementor-element elementor-element-5cf17b7 no_br elementor-widget elementor-widget-text-editor\" data-id=\"5cf17b7\" data-element_type=\"widget\" data-e-type=\"widget\" data-widget_type=\"text-editor.default\">\n\t\t\t\t<div class=\"elementor-widget-container\">\n\t\t\t\t\t\t\t\t\t<p>Cannaregio (Calle Venier) 4852<br \/>30121 Venezia<\/p><p>Para encontrar nuestra casa de hu\u00e9spedes en Google Maps haga clic en el siguiente enlace: <span style=\"color: #484a4e;\"><a style=\"color: #484a4e;\" href=\"https:\/\/maps.app.goo.gl\/CE5zMkv6amvTNDuWA\">https:\/\/maps.app.goo.gl\/CE5zMkv6amvTNDuWA<\/a><\/span><\/p>\t\t\t\t\t\t\t\t<\/div>\n\t\t\t\t<\/div>\n\t\t\t\t<div class=\"elementor-element elementor-element-03a39fc elementor-widget elementor-widget-google_maps\" data-id=\"03a39fc\" data-element_type=\"widget\" data-e-type=\"widget\" data-widget_type=\"google_maps.default\">\n\t\t\t\t<div class=\"elementor-widget-container\">\n\t\t\t\t\t\t\t<div class=\"elementor-custom-embed\">\n\t\t\t<iframe loading=\"lazy\"\n\t\t\t\t\tsrc=\"https:\/\/maps.google.com\/maps?q=Alloggi%20Acquavita%2C%20Calle%20Venier%2C%20Venezia%2C%20VE&#038;t=m&#038;z=17&#038;output=embed&#038;iwloc=near\"\n\t\t\t\t\ttitle=\"Alloggi Acquavita, Calle Venier, Venezia, VE\"\n\t\t\t\t\taria-label=\"Alloggi Acquavita, Calle Venier, Venezia, VE\"\n\t\t\t><\/iframe>\n\t\t<\/div>\n\t\t\t\t\t\t<\/div>\n\t\t\t\t<\/div>\n\t\t\t\t\t<\/div>\n\t\t<\/div>\n\t\t\t\t\t<\/div>\n\t\t<\/section>\n\t\t\t\t<section class=\"elementor-section elementor-top-section elementor-element elementor-element-77c3c7d elementor-section-full_width elementor-reverse-mobile elementor-section-height-default elementor-section-height-default\" data-id=\"77c3c7d\" data-element_type=\"section\" data-e-type=\"section\" data-settings=\"{&quot;background_background&quot;:&quot;classic&quot;}\">\n\t\t\t\t\t\t\t<div class=\"elementor-background-overlay\"><\/div>\n\t\t\t\t\t\t\t<div class=\"elementor-container elementor-column-gap-default\">\n\t\t\t\t\t<div class=\"elementor-column elementor-col-50 elementor-top-column elementor-element elementor-element-b5c83f2\" data-id=\"b5c83f2\" data-element_type=\"column\" data-e-type=\"column\">\n\t\t\t<div class=\"elementor-widget-wrap elementor-element-populated\">\n\t\t\t\t\t\t<div class=\"elementor-element elementor-element-4b10158 elementor-widget elementor-widget-heading\" data-id=\"4b10158\" data-element_type=\"widget\" data-e-type=\"widget\" data-widget_type=\"heading.default\">\n\t\t\t\t<div class=\"elementor-widget-container\">\n\t\t\t\t\t<h2 class=\"elementor-heading-title elementor-size-default\">INFORMACI\u00d3N \u00daTIL<\/h2>\t\t\t\t<\/div>\n\t\t\t\t<\/div>\n\t\t\t\t<div class=\"elementor-element elementor-element-e3e10f1 info_utili elementor-widget elementor-widget-text-editor\" data-id=\"e3e10f1\" data-element_type=\"widget\" data-e-type=\"widget\" data-widget_type=\"text-editor.default\">\n\t\t\t\t<div class=\"elementor-widget-container\">\n\t\t\t\t\t\t\t\t\t<p>La parada del vaporetto m\u00e1s cercana se llama \u201cFondamente Nove\u201d y se puede llegar con el vaporetto 5.2 desde Piazzale Roma \/ FS Santa Lucia o desde el aeropuerto Marco Polo con el vaporetto de la l\u00ednea azul Alilaguna.<\/p><p>Para encontrar el lugar de registro y recogida de llaves \u00abAlloggi SS Giovanni e Paolo\u00bb en Google Maps, haga clic en el siguiente <span style=\"color: #484a4e;\">enlace: <a style=\"color: #484a4e;\" href=\"https:\/\/maps.app.goo.gl\/y1RPFb9aqskc4nep8\">https:\/\/maps.app.goo.gl\/y1RPFb9aqskc4nep8<\/a><\/span><\/p><p>La parada de vaporetto m\u00e1s cercana para llegar al lugar de facturaci\u00f3n se llama \u201cOspedale\u201d y se puede llegar con el vaporetto 5.2 desde Piazzale Roma \/ FS Santa Lucia o desde el aeropuerto Marco Polo con el vaporetto de la l\u00ednea azul Alilaguna.<\/p>\t\t\t\t\t\t\t\t<\/div>\n\t\t\t\t<\/div>\n\t\t\t\t\t<\/div>\n\t\t<\/div>\n\t\t\t\t<div class=\"elementor-column elementor-col-50 elementor-top-column elementor-element elementor-element-22565eb\" data-id=\"22565eb\" data-element_type=\"column\" data-e-type=\"column\">\n\t\t\t<div class=\"elementor-widget-wrap elementor-element-populated\">\n\t\t\t\t\t\t<div class=\"elementor-element elementor-element-a530d6c elementor-widget elementor-widget-image\" data-id=\"a530d6c\" data-element_type=\"widget\" data-e-type=\"widget\" data-widget_type=\"image.default\">\n\t\t\t\t<div class=\"elementor-widget-container\">\n\t\t\t\t\t\t\t\t\t\t\t\t\t\t\t<img decoding=\"async\" width=\"1920\" height=\"2560\" src=\"https:\/\/acquavita.it\/wp-content\/uploads\/2025\/04\/IMG_20201117_110911-scaled-1.jpg\" class=\"attachment-full size-full wp-image-3781\" alt=\"\" srcset=\"https:\/\/acquavita.it\/wp-content\/uploads\/2025\/04\/IMG_20201117_110911-scaled-1.jpg 1920w, https:\/\/acquavita.it\/wp-content\/uploads\/2025\/04\/IMG_20201117_110911-scaled-1-225x300.jpg 225w, https:\/\/acquavita.it\/wp-content\/uploads\/2025\/04\/IMG_20201117_110911-scaled-1-768x1024.jpg 768w, https:\/\/acquavita.it\/wp-content\/uploads\/2025\/04\/IMG_20201117_110911-scaled-1-1152x1536.jpg 1152w, https:\/\/acquavita.it\/wp-content\/uploads\/2025\/04\/IMG_20201117_110911-scaled-1-1536x2048.jpg 1536w\" sizes=\"(max-width: 1920px) 100vw, 1920px\" \/>\t\t\t\t\t\t\t\t\t\t\t\t\t\t\t<\/div>\n\t\t\t\t<\/div>\n\t\t\t\t\t<\/div>\n\t\t<\/div>\n\t\t\t\t\t<\/div>\n\t\t<\/section>\n\t\t\t\t<\/div>\n\t\t","protected":false},"excerpt":{"rendered":"<p>ACQUAVITA Rooms with Canal View D\u00f3nde estamos DIRECCI\u00d3N Cannaregio (Calle Venier) 485230121 Venezia Para encontrar nuestra casa de hu\u00e9spedes en Google Maps haga clic en el siguiente enlace: https:\/\/maps.app.goo.gl\/CE5zMkv6amvTNDuWA INFORMACI\u00d3N \u00daTIL La parada del vaporetto m\u00e1s cercana se llama \u201cFondamente Nove\u201d y se puede llegar con el vaporetto 5.2 desde Piazzale Roma \/ FS Santa [&hellip;]<\/p>\n","protected":false},"author":1,"featured_media":0,"parent":0,"menu_order":0,"comment_status":"closed","ping_status":"closed","template":"","meta":{"inline_featured_image":false,"footnotes":""},"class_list":["post-4037","page","type-page","status-publish","hentry"],"yoast_head":"<!-- This site is optimized with the Yoast SEO plugin v27.6 - https:\/\/yoast.com\/product\/yoast-seo-wordpress\/ -->\n<title>D\u00f3nde estamos - Acquavita<\/title>\n<meta name=\"robots\" content=\"index, follow, max-snippet:-1, max-image-preview:large, max-video-preview:-1\" \/>\n<link rel=\"canonical\" href=\"https:\/\/acquavita.it\/es\/donde-estamos\/\" \/>\n<meta property=\"og:locale\" content=\"es_ES\" \/>\n<meta property=\"og:type\" content=\"article\" \/>\n<meta property=\"og:title\" content=\"D\u00f3nde estamos - Acquavita\" \/>\n<meta property=\"og:description\" content=\"ACQUAVITA Rooms with Canal View D\u00f3nde estamos DIRECCI\u00d3N Cannaregio (Calle Venier) 485230121 Venezia Para encontrar nuestra casa de hu\u00e9spedes en Google Maps haga clic en el siguiente enlace: https:\/\/maps.app.goo.gl\/CE5zMkv6amvTNDuWA INFORMACI\u00d3N \u00daTIL La parada del vaporetto m\u00e1s cercana se llama \u201cFondamente Nove\u201d y se puede llegar con el vaporetto 5.2 desde Piazzale Roma \/ FS Santa [&hellip;]\" \/>\n<meta property=\"og:url\" content=\"https:\/\/acquavita.it\/es\/donde-estamos\/\" \/>\n<meta property=\"og:site_name\" content=\"Acquavita\" \/>\n<meta property=\"article:modified_time\" content=\"2025-04-30T06:46:23+00:00\" \/>\n<meta property=\"og:image\" content=\"https:\/\/acquavita.it\/wp-content\/uploads\/2025\/04\/rebe-adelaida-zunQwMy5B6M-unsplash.jpg\" \/>\n\t<meta property=\"og:image:width\" content=\"2400\" \/>\n\t<meta property=\"og:image:height\" content=\"1500\" \/>\n\t<meta property=\"og:image:type\" content=\"image\/jpeg\" \/>\n<meta name=\"twitter:card\" content=\"summary_large_image\" \/>\n<meta name=\"twitter:label1\" content=\"Tiempo de lectura\" \/>\n\t<meta name=\"twitter:data1\" content=\"2 minutos\" \/>\n<script type=\"application\/ld+json\" class=\"yoast-schema-graph\">{\"@context\":\"https:\\\/\\\/schema.org\",\"@graph\":[{\"@type\":\"WebPage\",\"@id\":\"https:\\\/\\\/acquavita.it\\\/es\\\/donde-estamos\\\/\",\"url\":\"https:\\\/\\\/acquavita.it\\\/es\\\/donde-estamos\\\/\",\"name\":\"D\u00f3nde estamos - Acquavita\",\"isPartOf\":{\"@id\":\"https:\\\/\\\/acquavita.it\\\/es\\\/#website\"},\"primaryImageOfPage\":{\"@id\":\"https:\\\/\\\/acquavita.it\\\/es\\\/donde-estamos\\\/#primaryimage\"},\"image\":{\"@id\":\"https:\\\/\\\/acquavita.it\\\/es\\\/donde-estamos\\\/#primaryimage\"},\"thumbnailUrl\":\"https:\\\/\\\/acquavita.it\\\/wp-content\\\/uploads\\\/2025\\\/04\\\/rebe-adelaida-zunQwMy5B6M-unsplash.jpg\",\"datePublished\":\"2023-05-22T10:25:39+00:00\",\"dateModified\":\"2025-04-30T06:46:23+00:00\",\"breadcrumb\":{\"@id\":\"https:\\\/\\\/acquavita.it\\\/es\\\/donde-estamos\\\/#breadcrumb\"},\"inLanguage\":\"es\",\"potentialAction\":[{\"@type\":\"ReadAction\",\"target\":[\"https:\\\/\\\/acquavita.it\\\/es\\\/donde-estamos\\\/\"]}]},{\"@type\":\"ImageObject\",\"inLanguage\":\"es\",\"@id\":\"https:\\\/\\\/acquavita.it\\\/es\\\/donde-estamos\\\/#primaryimage\",\"url\":\"https:\\\/\\\/acquavita.it\\\/wp-content\\\/uploads\\\/2025\\\/04\\\/rebe-adelaida-zunQwMy5B6M-unsplash.jpg\",\"contentUrl\":\"https:\\\/\\\/acquavita.it\\\/wp-content\\\/uploads\\\/2025\\\/04\\\/rebe-adelaida-zunQwMy5B6M-unsplash.jpg\"},{\"@type\":\"BreadcrumbList\",\"@id\":\"https:\\\/\\\/acquavita.it\\\/es\\\/donde-estamos\\\/#breadcrumb\",\"itemListElement\":[{\"@type\":\"ListItem\",\"position\":1,\"name\":\"Home\",\"item\":\"https:\\\/\\\/acquavita.it\\\/es\\\/\"},{\"@type\":\"ListItem\",\"position\":2,\"name\":\"D\u00f3nde estamos\"}]},{\"@type\":\"WebSite\",\"@id\":\"https:\\\/\\\/acquavita.it\\\/es\\\/#website\",\"url\":\"https:\\\/\\\/acquavita.it\\\/es\\\/\",\"name\":\"Acquavita\",\"description\":\"Private rooms with canal view in Venice\",\"publisher\":{\"@id\":\"https:\\\/\\\/acquavita.it\\\/es\\\/#organization\"},\"potentialAction\":[{\"@type\":\"SearchAction\",\"target\":{\"@type\":\"EntryPoint\",\"urlTemplate\":\"https:\\\/\\\/acquavita.it\\\/es\\\/?s={search_term_string}\"},\"query-input\":{\"@type\":\"PropertyValueSpecification\",\"valueRequired\":true,\"valueName\":\"search_term_string\"}}],\"inLanguage\":\"es\"},{\"@type\":\"Organization\",\"@id\":\"https:\\\/\\\/acquavita.it\\\/es\\\/#organization\",\"name\":\"Acquavita\",\"url\":\"https:\\\/\\\/acquavita.it\\\/es\\\/\",\"logo\":{\"@type\":\"ImageObject\",\"inLanguage\":\"es\",\"@id\":\"https:\\\/\\\/acquavita.it\\\/es\\\/#\\\/schema\\\/logo\\\/image\\\/\",\"url\":\"https:\\\/\\\/acquavita.it\\\/wp-content\\\/uploads\\\/2023\\\/10\\\/Icon.png\",\"contentUrl\":\"https:\\\/\\\/acquavita.it\\\/wp-content\\\/uploads\\\/2023\\\/10\\\/Icon.png\",\"width\":441,\"height\":149,\"caption\":\"Acquavita\"},\"image\":{\"@id\":\"https:\\\/\\\/acquavita.it\\\/es\\\/#\\\/schema\\\/logo\\\/image\\\/\"}}]}<\/script>\n<!-- \/ Yoast SEO plugin. -->","yoast_head_json":{"title":"D\u00f3nde estamos - Acquavita","robots":{"index":"index","follow":"follow","max-snippet":"max-snippet:-1","max-image-preview":"max-image-preview:large","max-video-preview":"max-video-preview:-1"},"canonical":"https:\/\/acquavita.it\/es\/donde-estamos\/","og_locale":"es_ES","og_type":"article","og_title":"D\u00f3nde estamos - Acquavita","og_description":"ACQUAVITA Rooms with Canal View D\u00f3nde estamos DIRECCI\u00d3N Cannaregio (Calle Venier) 485230121 Venezia Para encontrar nuestra casa de hu\u00e9spedes en Google Maps haga clic en el siguiente enlace: https:\/\/maps.app.goo.gl\/CE5zMkv6amvTNDuWA INFORMACI\u00d3N \u00daTIL La parada del vaporetto m\u00e1s cercana se llama \u201cFondamente Nove\u201d y se puede llegar con el vaporetto 5.2 desde Piazzale Roma \/ FS Santa [&hellip;]","og_url":"https:\/\/acquavita.it\/es\/donde-estamos\/","og_site_name":"Acquavita","article_modified_time":"2025-04-30T06:46:23+00:00","og_image":[{"width":2400,"height":1500,"url":"https:\/\/acquavita.it\/wp-content\/uploads\/2025\/04\/rebe-adelaida-zunQwMy5B6M-unsplash.jpg","type":"image\/jpeg"}],"twitter_card":"summary_large_image","twitter_misc":{"Tiempo de lectura":"2 minutos"},"schema":{"@context":"https:\/\/schema.org","@graph":[{"@type":"WebPage","@id":"https:\/\/acquavita.it\/es\/donde-estamos\/","url":"https:\/\/acquavita.it\/es\/donde-estamos\/","name":"D\u00f3nde estamos - Acquavita","isPartOf":{"@id":"https:\/\/acquavita.it\/es\/#website"},"primaryImageOfPage":{"@id":"https:\/\/acquavita.it\/es\/donde-estamos\/#primaryimage"},"image":{"@id":"https:\/\/acquavita.it\/es\/donde-estamos\/#primaryimage"},"thumbnailUrl":"https:\/\/acquavita.it\/wp-content\/uploads\/2025\/04\/rebe-adelaida-zunQwMy5B6M-unsplash.jpg","datePublished":"2023-05-22T10:25:39+00:00","dateModified":"2025-04-30T06:46:23+00:00","breadcrumb":{"@id":"https:\/\/acquavita.it\/es\/donde-estamos\/#breadcrumb"},"inLanguage":"es","potentialAction":[{"@type":"ReadAction","target":["https:\/\/acquavita.it\/es\/donde-estamos\/"]}]},{"@type":"ImageObject","inLanguage":"es","@id":"https:\/\/acquavita.it\/es\/donde-estamos\/#primaryimage","url":"https:\/\/acquavita.it\/wp-content\/uploads\/2025\/04\/rebe-adelaida-zunQwMy5B6M-unsplash.jpg","contentUrl":"https:\/\/acquavita.it\/wp-content\/uploads\/2025\/04\/rebe-adelaida-zunQwMy5B6M-unsplash.jpg"},{"@type":"BreadcrumbList","@id":"https:\/\/acquavita.it\/es\/donde-estamos\/#breadcrumb","itemListElement":[{"@type":"ListItem","position":1,"name":"Home","item":"https:\/\/acquavita.it\/es\/"},{"@type":"ListItem","position":2,"name":"D\u00f3nde estamos"}]},{"@type":"WebSite","@id":"https:\/\/acquavita.it\/es\/#website","url":"https:\/\/acquavita.it\/es\/","name":"Acquavita","description":"Private rooms with canal view in Venice","publisher":{"@id":"https:\/\/acquavita.it\/es\/#organization"},"potentialAction":[{"@type":"SearchAction","target":{"@type":"EntryPoint","urlTemplate":"https:\/\/acquavita.it\/es\/?s={search_term_string}"},"query-input":{"@type":"PropertyValueSpecification","valueRequired":true,"valueName":"search_term_string"}}],"inLanguage":"es"},{"@type":"Organization","@id":"https:\/\/acquavita.it\/es\/#organization","name":"Acquavita","url":"https:\/\/acquavita.it\/es\/","logo":{"@type":"ImageObject","inLanguage":"es","@id":"https:\/\/acquavita.it\/es\/#\/schema\/logo\/image\/","url":"https:\/\/acquavita.it\/wp-content\/uploads\/2023\/10\/Icon.png","contentUrl":"https:\/\/acquavita.it\/wp-content\/uploads\/2023\/10\/Icon.png","width":441,"height":149,"caption":"Acquavita"},"image":{"@id":"https:\/\/acquavita.it\/es\/#\/schema\/logo\/image\/"}}]}},"_links":{"self":[{"href":"https:\/\/acquavita.it\/es\/wp-json\/wp\/v2\/pages\/4037","targetHints":{"allow":["GET"]}}],"collection":[{"href":"https:\/\/acquavita.it\/es\/wp-json\/wp\/v2\/pages"}],"about":[{"href":"https:\/\/acquavita.it\/es\/wp-json\/wp\/v2\/types\/page"}],"author":[{"embeddable":true,"href":"https:\/\/acquavita.it\/es\/wp-json\/wp\/v2\/users\/1"}],"replies":[{"embeddable":true,"href":"https:\/\/acquavita.it\/es\/wp-json\/wp\/v2\/comments?post=4037"}],"version-history":[{"count":7,"href":"https:\/\/acquavita.it\/es\/wp-json\/wp\/v2\/pages\/4037\/revisions"}],"predecessor-version":[{"id":4593,"href":"https:\/\/acquavita.it\/es\/wp-json\/wp\/v2\/pages\/4037\/revisions\/4593"}],"wp:attachment":[{"href":"https:\/\/acquavita.it\/es\/wp-json\/wp\/v2\/media?parent=4037"}],"curies":[{"name":"wp","href":"https:\/\/api.w.org\/{rel}","templated":true}]}}