{"id":4027,"date":"2023-05-22T12:50:07","date_gmt":"2023-05-22T10:50:07","guid":{"rendered":"https:\/\/acquavita.it\/contatti\/"},"modified":"2025-11-27T20:42:35","modified_gmt":"2025-11-27T19:42:35","slug":"contact","status":"publish","type":"page","link":"https:\/\/acquavita.it\/fr\/contact\/","title":{"rendered":"CONTACT"},"content":{"rendered":"\t\t<div data-elementor-type=\"wp-page\" data-elementor-id=\"4027\" class=\"elementor elementor-4027 elementor-229\" data-elementor-post-type=\"page\">\n\t\t\t\t\t\t<section class=\"elementor-section elementor-top-section elementor-element elementor-element-b7657f1 elementor-section-full_width elementor-section-height-default elementor-section-height-default\" data-id=\"b7657f1\" data-element_type=\"section\" data-settings=\"{&quot;background_background&quot;:&quot;classic&quot;}\">\n\t\t\t\t\t\t<div class=\"elementor-container elementor-column-gap-default\">\n\t\t\t\t\t<div class=\"elementor-column elementor-col-100 elementor-top-column elementor-element elementor-element-2b88bba\" data-id=\"2b88bba\" data-element_type=\"column\" data-settings=\"{&quot;background_background&quot;:&quot;classic&quot;}\">\n\t\t\t<div class=\"elementor-widget-wrap elementor-element-populated\">\n\t\t\t\t\t\t<div class=\"elementor-element elementor-element-203a793 elementor-widget elementor-widget-image\" data-id=\"203a793\" data-element_type=\"widget\" data-widget_type=\"image.default\">\n\t\t\t\t<div class=\"elementor-widget-container\">\n\t\t\t\t\t\t\t\t\t\t\t\t\t\t\t<img fetchpriority=\"high\" decoding=\"async\" width=\"2400\" height=\"1500\" src=\"https:\/\/acquavita.it\/wp-content\/uploads\/2025\/04\/rebe-adelaida-zunQwMy5B6M-unsplash.jpg\" class=\"attachment-full size-full wp-image-3930\" alt=\"\" srcset=\"https:\/\/acquavita.it\/wp-content\/uploads\/2025\/04\/rebe-adelaida-zunQwMy5B6M-unsplash.jpg 2400w, https:\/\/acquavita.it\/wp-content\/uploads\/2025\/04\/rebe-adelaida-zunQwMy5B6M-unsplash-300x188.jpg 300w, https:\/\/acquavita.it\/wp-content\/uploads\/2025\/04\/rebe-adelaida-zunQwMy5B6M-unsplash-1024x640.jpg 1024w, https:\/\/acquavita.it\/wp-content\/uploads\/2025\/04\/rebe-adelaida-zunQwMy5B6M-unsplash-768x480.jpg 768w, https:\/\/acquavita.it\/wp-content\/uploads\/2025\/04\/rebe-adelaida-zunQwMy5B6M-unsplash-1536x960.jpg 1536w, https:\/\/acquavita.it\/wp-content\/uploads\/2025\/04\/rebe-adelaida-zunQwMy5B6M-unsplash-2048x1280.jpg 2048w\" sizes=\"(max-width: 2400px) 100vw, 2400px\" \/>\t\t\t\t\t\t\t\t\t\t\t\t\t\t\t<\/div>\n\t\t\t\t<\/div>\n\t\t\t\t<section class=\"elementor-section elementor-inner-section elementor-element elementor-element-5f9c77b elementor-section-boxed elementor-section-height-default elementor-section-height-default\" data-id=\"5f9c77b\" data-element_type=\"section\" data-settings=\"{&quot;background_background&quot;:&quot;classic&quot;}\">\n\t\t\t\t\t\t\t<div class=\"elementor-background-overlay\"><\/div>\n\t\t\t\t\t\t\t<div class=\"elementor-container elementor-column-gap-default\">\n\t\t\t\t\t<div class=\"elementor-column elementor-col-100 elementor-inner-column elementor-element elementor-element-e1a3cbe\" data-id=\"e1a3cbe\" data-element_type=\"column\" data-settings=\"{&quot;background_background&quot;:&quot;classic&quot;}\">\n\t\t\t<div class=\"elementor-widget-wrap elementor-element-populated\">\n\t\t\t\t\t<div class=\"elementor-background-overlay\"><\/div>\n\t\t\t\t\t\t<div class=\"elementor-element elementor-element-5fee450 elementor-widget elementor-widget-text-editor\" data-id=\"5fee450\" data-element_type=\"widget\" data-widget_type=\"text-editor.default\">\n\t\t\t\t<div class=\"elementor-widget-container\">\n\t\t\t\t\t\t\t\t\t<p>CONTACT<\/p>\t\t\t\t\t\t\t\t<\/div>\n\t\t\t\t<\/div>\n\t\t\t\t<div class=\"elementor-element elementor-element-6c6dc06 elementor-widget elementor-widget-text-editor\" data-id=\"6c6dc06\" data-element_type=\"widget\" data-widget_type=\"text-editor.default\">\n\t\t\t\t<div class=\"elementor-widget-container\">\n\t\t\t\t\t\t\t\t\t<p>ACQUAVITA Rooms with Canal View<\/p>\t\t\t\t\t\t\t\t<\/div>\n\t\t\t\t<\/div>\n\t\t\t\t\t<\/div>\n\t\t<\/div>\n\t\t\t\t\t<\/div>\n\t\t<\/section>\n\t\t\t\t\t<\/div>\n\t\t<\/div>\n\t\t\t\t\t<\/div>\n\t\t<\/section>\n\t\t\t\t<section class=\"elementor-section elementor-top-section elementor-element elementor-element-e544399 elementor-section-boxed elementor-section-height-default elementor-section-height-default\" data-id=\"e544399\" data-element_type=\"section\" id=\"formbox\" data-settings=\"{&quot;background_background&quot;:&quot;classic&quot;}\">\n\t\t\t\t\t\t\t<div class=\"elementor-background-overlay\"><\/div>\n\t\t\t\t\t\t\t<div class=\"elementor-container elementor-column-gap-default\">\n\t\t\t\t\t<div class=\"elementor-column elementor-col-100 elementor-top-column elementor-element elementor-element-f035824\" data-id=\"f035824\" data-element_type=\"column\">\n\t\t\t<div class=\"elementor-widget-wrap elementor-element-populated\">\n\t\t\t\t\t\t<div class=\"elementor-element elementor-element-015f0f7 elementor-widget elementor-widget-text-editor\" data-id=\"015f0f7\" data-element_type=\"widget\" data-widget_type=\"text-editor.default\">\n\t\t\t\t<div class=\"elementor-widget-container\">\n\t\t\t\t\t\t\t\t\t<p>Contactez-nous<\/p>\t\t\t\t\t\t\t\t<\/div>\n\t\t\t\t<\/div>\n\t\t\t\t<div class=\"elementor-element elementor-element-4597ae6 no_br elementor-widget elementor-widget-text-editor\" data-id=\"4597ae6\" data-element_type=\"widget\" data-widget_type=\"text-editor.default\">\n\t\t\t\t<div class=\"elementor-widget-container\">\n\t\t\t\t\t\t\t\t\t<p>Remplissez le formulaire suivant pour nous envoyer votre demande de r\u00e9servation ou<br \/>simplement pour demander des informations. Nous sommes disponibles !<\/p><p><strong>E-mail :<\/strong> info@acquavita.it<\/p><p><strong>T\u00e9l\u00e9phone :<\/strong> +39 0415222767<\/p>\t\t\t\t\t\t\t\t<\/div>\n\t\t\t\t<\/div>\n\t\t\t\t\t<\/div>\n\t\t<\/div>\n\t\t\t\t\t<\/div>\n\t\t<\/section>\n\t\t\t\t<section class=\"elementor-section elementor-top-section elementor-element elementor-element-e43d073 elementor-section-boxed elementor-section-height-default elementor-section-height-default\" data-id=\"e43d073\" data-element_type=\"section\" data-settings=\"{&quot;background_background&quot;:&quot;classic&quot;}\">\n\t\t\t\t\t\t\t<div class=\"elementor-background-overlay\"><\/div>\n\t\t\t\t\t\t\t<div class=\"elementor-container elementor-column-gap-default\">\n\t\t\t\t\t<div class=\"elementor-column elementor-col-100 elementor-top-column elementor-element elementor-element-09ab6b6\" data-id=\"09ab6b6\" data-element_type=\"column\" data-settings=\"{&quot;background_background&quot;:&quot;classic&quot;}\">\n\t\t\t<div class=\"elementor-widget-wrap elementor-element-populated\">\n\t\t\t\t\t\t<div class=\"elementor-element elementor-element-e6797a7 elementor-button-align-center form_contatti elementor-widget elementor-widget-form\" data-id=\"e6797a7\" data-element_type=\"widget\" data-settings=\"{&quot;step_next_label&quot;:&quot;Successivo&quot;,&quot;step_previous_label&quot;:&quot;Precedente&quot;,&quot;button_width&quot;:&quot;100&quot;,&quot;step_type&quot;:&quot;number_text&quot;,&quot;step_icon_shape&quot;:&quot;circle&quot;}\" data-widget_type=\"form.default\">\n\t\t\t\t<div class=\"elementor-widget-container\">\n\t\t\t\t\t\t\t<form class=\"elementor-form\" method=\"post\" name=\"Nuovo modulo\">\n\t\t\t<input type=\"hidden\" name=\"post_id\" value=\"4027\"\/>\n\t\t\t<input type=\"hidden\" name=\"form_id\" value=\"e6797a7\"\/>\n\t\t\t<input type=\"hidden\" name=\"referer_title\" value=\"CONTACT - Acquavita\" \/>\n\n\t\t\t\t\t\t\t<input type=\"hidden\" name=\"queried_id\" value=\"4027\"\/>\n\t\t\t\n\t\t\t<div class=\"elementor-form-fields-wrapper elementor-labels-above\">\n\t\t\t\t\t\t\t\t<div class=\"elementor-field-type-text elementor-field-group elementor-column elementor-field-group-name elementor-col-33\">\n\t\t\t\t\t\t\t\t\t\t\t\t<label for=\"form-field-name\" class=\"elementor-field-label\">\n\t\t\t\t\t\t\t\tNom*\t\t\t\t\t\t\t<\/label>\n\t\t\t\t\t\t\t\t\t\t\t\t\t\t<input size=\"1\" type=\"text\" name=\"form_fields[name]\" id=\"form-field-name\" class=\"elementor-field elementor-size-sm  elementor-field-textual\">\n\t\t\t\t\t\t\t\t\t\t\t<\/div>\n\t\t\t\t\t\t\t\t<div class=\"elementor-field-type-text elementor-field-group elementor-column elementor-field-group-field_9869e3d elementor-col-33\">\n\t\t\t\t\t\t\t\t\t\t\t\t<label for=\"form-field-field_9869e3d\" class=\"elementor-field-label\">\n\t\t\t\t\t\t\t\tNom de famille*\t\t\t\t\t\t\t<\/label>\n\t\t\t\t\t\t\t\t\t\t\t\t\t\t<input size=\"1\" type=\"text\" name=\"form_fields[field_9869e3d]\" id=\"form-field-field_9869e3d\" class=\"elementor-field elementor-size-sm  elementor-field-textual\">\n\t\t\t\t\t\t\t\t\t\t\t<\/div>\n\t\t\t\t\t\t\t\t<div class=\"elementor-field-type-email elementor-field-group elementor-column elementor-field-group-email elementor-col-33 elementor-field-required\">\n\t\t\t\t\t\t\t\t\t\t\t\t<label for=\"form-field-email\" class=\"elementor-field-label\">\n\t\t\t\t\t\t\t\tEmail*\t\t\t\t\t\t\t<\/label>\n\t\t\t\t\t\t\t\t\t\t\t\t\t\t<input size=\"1\" type=\"email\" name=\"form_fields[email]\" id=\"form-field-email\" class=\"elementor-field elementor-size-sm  elementor-field-textual\" required=\"required\">\n\t\t\t\t\t\t\t\t\t\t\t<\/div>\n\t\t\t\t\t\t\t\t<div class=\"elementor-field-type-date elementor-field-group elementor-column elementor-field-group-field_514a409 elementor-col-33 elementor-field-required\">\n\t\t\t\t\t\t\t\t\t\t\t\t<label for=\"form-field-field_514a409\" class=\"elementor-field-label\">\n\t\t\t\t\t\t\t\tDate d'arriv\u00e9e\t\t\t\t\t\t\t<\/label>\n\t\t\t\t\t\t\n\t\t<input type=\"date\" name=\"form_fields[field_514a409]\" id=\"form-field-field_514a409\" class=\"elementor-field elementor-size-sm  elementor-field-textual elementor-date-field\" required=\"required\" pattern=\"[0-9]{4}-[0-9]{2}-[0-9]{2}\">\n\t\t\t\t\t\t<\/div>\n\t\t\t\t\t\t\t\t<div class=\"elementor-field-type-date elementor-field-group elementor-column elementor-field-group-field_04fb0a6 elementor-col-33 elementor-field-required\">\n\t\t\t\t\t\t\t\t\t\t\t\t<label for=\"form-field-field_04fb0a6\" class=\"elementor-field-label\">\n\t\t\t\t\t\t\t\tDate de d\u00e9part\t\t\t\t\t\t\t<\/label>\n\t\t\t\t\t\t\n\t\t<input type=\"date\" name=\"form_fields[field_04fb0a6]\" id=\"form-field-field_04fb0a6\" class=\"elementor-field elementor-size-sm  elementor-field-textual elementor-date-field\" required=\"required\" pattern=\"[0-9]{4}-[0-9]{2}-[0-9]{2}\">\n\t\t\t\t\t\t<\/div>\n\t\t\t\t\t\t\t\t<div class=\"elementor-field-type-text elementor-field-group elementor-column elementor-field-group-field_2a24c15 elementor-col-33\">\n\t\t\t\t\t\t\t\t\t\t\t\t<label for=\"form-field-field_2a24c15\" class=\"elementor-field-label\">\n\t\t\t\t\t\t\t\tObjet\t\t\t\t\t\t\t<\/label>\n\t\t\t\t\t\t\t\t\t\t\t\t\t\t<input size=\"1\" type=\"text\" name=\"form_fields[field_2a24c15]\" id=\"form-field-field_2a24c15\" class=\"elementor-field elementor-size-sm  elementor-field-textual\">\n\t\t\t\t\t\t\t\t\t\t\t<\/div>\n\t\t\t\t\t\t\t\t<div class=\"elementor-field-type-textarea elementor-field-group elementor-column elementor-field-group-message elementor-col-100\">\n\t\t\t\t\t\t\t\t\t\t\t\t<label for=\"form-field-message\" class=\"elementor-field-label\">\n\t\t\t\t\t\t\t\tMessage\t\t\t\t\t\t\t<\/label>\n\t\t\t\t\t\t<textarea class=\"elementor-field-textual elementor-field  elementor-size-sm\" name=\"form_fields[message]\" id=\"form-field-message\" rows=\"3\"><\/textarea>\t\t\t\t<\/div>\n\t\t\t\t\t\t\t\t<div class=\"elementor-field-type-acceptance elementor-field-group elementor-column elementor-field-group-field_6f191b9 elementor-col-100\">\n\t\t\t\t\t\t\t<div class=\"elementor-field-subgroup\">\n\t\t\t<span class=\"elementor-field-option\">\n\t\t\t\t<input type=\"checkbox\" name=\"form_fields[field_6f191b9]\" id=\"form-field-field_6f191b9\" class=\"elementor-field elementor-size-sm  elementor-acceptance-field\">\n\t\t\t\t<label for=\"form-field-field_6f191b9\">Je d\u00e9clare avoir lu la <a href=\"https:\/\/acquavita.it\/privacy-policy\/\" style=\"color: #CCB2A1;\">politique de confidentialit\u00e9<\/a> et j'autorise la saisie des donn\u00e9es demand\u00e9es.<\/label>\t\t\t<\/span>\n\t\t<\/div>\n\t\t\t\t\t\t<\/div>\n\t\t\t\t\t\t\t\t<div class=\"elementor-field-type-recaptcha_v3 elementor-field-group elementor-column elementor-field-group-field_2b7dc6e elementor-col-100 recaptcha_v3-inline\">\n\t\t\t\t\t<div class=\"elementor-field\" id=\"form-field-field_2b7dc6e\"><div class=\"elementor-g-recaptcha\" data-sitekey=\"6LdFwOkrAAAAABl8-Bscbnkhog1dib-TAg6RkNv2\" data-type=\"v3\" data-action=\"Form\" data-badge=\"inline\" data-size=\"invisible\"><\/div><\/div>\t\t\t\t<\/div>\n\t\t\t\t\t\t\t\t<div class=\"elementor-field-group elementor-column elementor-field-type-submit elementor-col-100 e-form__buttons\">\n\t\t\t\t\t<button class=\"elementor-button elementor-size-sm\" type=\"submit\">\n\t\t\t\t\t\t<span class=\"elementor-button-content-wrapper\">\n\t\t\t\t\t\t\t\t\t\t\t\t\t\t\t\t\t\t\t\t\t\t<span class=\"elementor-button-text\">Envoyer<\/span>\n\t\t\t\t\t\t\t\t\t\t\t\t\t<\/span>\n\t\t\t\t\t<\/button>\n\t\t\t\t<\/div>\n\t\t\t<\/div>\n\t\t<\/form>\n\t\t\t\t\t\t<\/div>\n\t\t\t\t<\/div>\n\t\t\t\t\t<\/div>\n\t\t<\/div>\n\t\t\t\t\t<\/div>\n\t\t<\/section>\n\t\t\t\t<section class=\"elementor-section elementor-top-section elementor-element elementor-element-7e28228 elementor-section-boxed elementor-section-height-default elementor-section-height-default\" data-id=\"7e28228\" data-element_type=\"section\" data-settings=\"{&quot;background_background&quot;:&quot;classic&quot;}\">\n\t\t\t\t\t\t<div class=\"elementor-container elementor-column-gap-default\">\n\t\t\t\t\t<div class=\"elementor-column elementor-col-100 elementor-top-column elementor-element elementor-element-014ece8\" data-id=\"014ece8\" data-element_type=\"column\" data-settings=\"{&quot;background_background&quot;:&quot;classic&quot;}\">\n\t\t\t<div class=\"elementor-widget-wrap elementor-element-populated\">\n\t\t\t\t\t\t<section class=\"elementor-section elementor-inner-section elementor-element elementor-element-7937000 elementor-section-boxed elementor-section-height-default elementor-section-height-default\" data-id=\"7937000\" data-element_type=\"section\">\n\t\t\t\t\t\t<div class=\"elementor-container elementor-column-gap-default\">\n\t\t\t\t\t<div class=\"elementor-column elementor-col-100 elementor-inner-column elementor-element elementor-element-f2f9671\" data-id=\"f2f9671\" data-element_type=\"column\">\n\t\t\t<div class=\"elementor-widget-wrap elementor-element-populated\">\n\t\t\t\t\t\t<div class=\"elementor-element elementor-element-da19f8a elementor-widget elementor-widget-image\" data-id=\"da19f8a\" data-element_type=\"widget\" data-widget_type=\"image.default\">\n\t\t\t\t<div class=\"elementor-widget-container\">\n\t\t\t\t\t\t\t\t\t\t\t\t\t\t\t<img decoding=\"async\" width=\"40\" height=\"39\" src=\"https:\/\/acquavita.it\/wp-content\/uploads\/2023\/05\/promozioni.svg\" class=\"attachment-full size-full wp-image-884\" alt=\"\" \/>\t\t\t\t\t\t\t\t\t\t\t\t\t\t\t<\/div>\n\t\t\t\t<\/div>\n\t\t\t\t<div class=\"elementor-element elementor-element-bd95472 elementor-widget elementor-widget-heading\" data-id=\"bd95472\" data-element_type=\"widget\" data-widget_type=\"heading.default\">\n\t\t\t\t<div class=\"elementor-widget-container\">\n\t\t\t\t\t<h2 class=\"elementor-heading-title elementor-size-default\">Promotion\n<\/h2>\t\t\t\t<\/div>\n\t\t\t\t<\/div>\n\t\t\t\t<div class=\"elementor-element elementor-element-746a6a2 elementor-widget elementor-widget-text-editor\" data-id=\"746a6a2\" data-element_type=\"widget\" data-widget_type=\"text-editor.default\">\n\t\t\t\t<div class=\"elementor-widget-container\">\n\t\t\t\t\t\t\t\t\t<p>R\u00e9servez sur notre site et \u00e9conomisez jusqu\u2019\u00e0 20% par rapport aux prix demand\u00e9s sur d\u2019autres sites de r\u00e9servation comme booking.com, expedia, airbnb, tripadvisor, trivago, \u2026<\/p>\t\t\t\t\t\t\t\t<\/div>\n\t\t\t\t<\/div>\n\t\t\t\t<div class=\"elementor-element elementor-element-21de95d elementor-align-center elementor-widget elementor-widget-button\" data-id=\"21de95d\" data-element_type=\"widget\" data-widget_type=\"button.default\">\n\t\t\t\t<div class=\"elementor-widget-container\">\n\t\t\t\t\t\t\t\t\t<div class=\"elementor-button-wrapper\">\n\t\t\t\t\t<a class=\"elementor-button elementor-button-link elementor-size-sm\" href=\"https:\/\/alloggiacquavita.bookpage.io\">\n\t\t\t\t\t\t<span class=\"elementor-button-content-wrapper\">\n\t\t\t\t\t\t\t\t\t<span class=\"elementor-button-text\">R\u00c9SERVEZ MAINTENANT<\/span>\n\t\t\t\t\t<\/span>\n\t\t\t\t\t<\/a>\n\t\t\t\t<\/div>\n\t\t\t\t\t\t\t\t<\/div>\n\t\t\t\t<\/div>\n\t\t\t\t\t<\/div>\n\t\t<\/div>\n\t\t\t\t\t<\/div>\n\t\t<\/section>\n\t\t\t\t\t<\/div>\n\t\t<\/div>\n\t\t\t\t\t<\/div>\n\t\t<\/section>\n\t\t\t\t<\/div>\n\t\t","protected":false},"excerpt":{"rendered":"<p>CONTACT ACQUAVITA Rooms with Canal View Contactez-nous Remplissez le formulaire suivant pour nous envoyer votre demande de r\u00e9servation ousimplement pour demander des informations. Nous sommes disponibles ! E-mail : info@acquavita.it T\u00e9l\u00e9phone : +39 0415222767 Promotion R\u00e9servez sur notre site et \u00e9conomisez jusqu\u2019\u00e0 20% par rapport aux prix demand\u00e9s sur d\u2019autres sites de r\u00e9servation comme booking.com, [&hellip;]<\/p>\n","protected":false},"author":1,"featured_media":0,"parent":0,"menu_order":0,"comment_status":"closed","ping_status":"closed","template":"","meta":{"inline_featured_image":false,"footnotes":""},"class_list":["post-4027","page","type-page","status-publish","hentry"],"yoast_head":"<!-- This site is optimized with the Yoast SEO plugin v26.8 - https:\/\/yoast.com\/product\/yoast-seo-wordpress\/ -->\n<title>CONTACT - Acquavita<\/title>\n<meta name=\"robots\" content=\"index, follow, max-snippet:-1, max-image-preview:large, max-video-preview:-1\" \/>\n<link rel=\"canonical\" href=\"https:\/\/acquavita.it\/fr\/contact\/\" \/>\n<meta property=\"og:locale\" content=\"fr_FR\" \/>\n<meta property=\"og:type\" content=\"article\" \/>\n<meta property=\"og:title\" content=\"CONTACT - Acquavita\" \/>\n<meta property=\"og:description\" content=\"CONTACT ACQUAVITA Rooms with Canal View Contactez-nous Remplissez le formulaire suivant pour nous envoyer votre demande de r\u00e9servation ousimplement pour demander des informations. Nous sommes disponibles ! E-mail : info@acquavita.it T\u00e9l\u00e9phone : +39 0415222767 Promotion R\u00e9servez sur notre site et \u00e9conomisez jusqu\u2019\u00e0 20% par rapport aux prix demand\u00e9s sur d\u2019autres sites de r\u00e9servation comme booking.com, [&hellip;]\" \/>\n<meta property=\"og:url\" content=\"https:\/\/acquavita.it\/fr\/contact\/\" \/>\n<meta property=\"og:site_name\" content=\"Acquavita\" \/>\n<meta property=\"article:modified_time\" content=\"2025-11-27T19:42:35+00:00\" \/>\n<meta property=\"og:image\" content=\"https:\/\/acquavita.it\/wp-content\/uploads\/2025\/04\/rebe-adelaida-zunQwMy5B6M-unsplash.jpg\" \/>\n\t<meta property=\"og:image:width\" content=\"2400\" \/>\n\t<meta property=\"og:image:height\" content=\"1500\" \/>\n\t<meta property=\"og:image:type\" content=\"image\/jpeg\" \/>\n<meta name=\"twitter:card\" content=\"summary_large_image\" \/>\n<meta name=\"twitter:label1\" content=\"Dur\u00e9e de lecture estim\u00e9e\" \/>\n\t<meta name=\"twitter:data1\" content=\"1 minute\" \/>\n<script type=\"application\/ld+json\" class=\"yoast-schema-graph\">{\"@context\":\"https:\/\/schema.org\",\"@graph\":[{\"@type\":\"WebPage\",\"@id\":\"https:\/\/acquavita.it\/fr\/contact\/\",\"url\":\"https:\/\/acquavita.it\/fr\/contact\/\",\"name\":\"CONTACT - Acquavita\",\"isPartOf\":{\"@id\":\"https:\/\/acquavita.it\/#website\"},\"primaryImageOfPage\":{\"@id\":\"https:\/\/acquavita.it\/fr\/contact\/#primaryimage\"},\"image\":{\"@id\":\"https:\/\/acquavita.it\/fr\/contact\/#primaryimage\"},\"thumbnailUrl\":\"https:\/\/acquavita.it\/wp-content\/uploads\/2025\/04\/rebe-adelaida-zunQwMy5B6M-unsplash.jpg\",\"datePublished\":\"2023-05-22T10:50:07+00:00\",\"dateModified\":\"2025-11-27T19:42:35+00:00\",\"breadcrumb\":{\"@id\":\"https:\/\/acquavita.it\/fr\/contact\/#breadcrumb\"},\"inLanguage\":\"fr-FR\",\"potentialAction\":[{\"@type\":\"ReadAction\",\"target\":[\"https:\/\/acquavita.it\/fr\/contact\/\"]}]},{\"@type\":\"ImageObject\",\"inLanguage\":\"fr-FR\",\"@id\":\"https:\/\/acquavita.it\/fr\/contact\/#primaryimage\",\"url\":\"https:\/\/acquavita.it\/wp-content\/uploads\/2025\/04\/rebe-adelaida-zunQwMy5B6M-unsplash.jpg\",\"contentUrl\":\"https:\/\/acquavita.it\/wp-content\/uploads\/2025\/04\/rebe-adelaida-zunQwMy5B6M-unsplash.jpg\"},{\"@type\":\"BreadcrumbList\",\"@id\":\"https:\/\/acquavita.it\/fr\/contact\/#breadcrumb\",\"itemListElement\":[{\"@type\":\"ListItem\",\"position\":1,\"name\":\"Home\",\"item\":\"https:\/\/acquavita.it\/fr\/\"},{\"@type\":\"ListItem\",\"position\":2,\"name\":\"CONTACT\"}]},{\"@type\":\"WebSite\",\"@id\":\"https:\/\/acquavita.it\/#website\",\"url\":\"https:\/\/acquavita.it\/\",\"name\":\"Acquavita\",\"description\":\"Smart rooms &amp; Canal view\",\"publisher\":{\"@id\":\"https:\/\/acquavita.it\/#organization\"},\"potentialAction\":[{\"@type\":\"SearchAction\",\"target\":{\"@type\":\"EntryPoint\",\"urlTemplate\":\"https:\/\/acquavita.it\/?s={search_term_string}\"},\"query-input\":{\"@type\":\"PropertyValueSpecification\",\"valueRequired\":true,\"valueName\":\"search_term_string\"}}],\"inLanguage\":\"fr-FR\"},{\"@type\":\"Organization\",\"@id\":\"https:\/\/acquavita.it\/#organization\",\"name\":\"Acquavita\",\"url\":\"https:\/\/acquavita.it\/\",\"logo\":{\"@type\":\"ImageObject\",\"inLanguage\":\"fr-FR\",\"@id\":\"https:\/\/acquavita.it\/#\/schema\/logo\/image\/\",\"url\":\"https:\/\/acquavita.it\/wp-content\/uploads\/2023\/10\/Icon.png\",\"contentUrl\":\"https:\/\/acquavita.it\/wp-content\/uploads\/2023\/10\/Icon.png\",\"width\":441,\"height\":149,\"caption\":\"Acquavita\"},\"image\":{\"@id\":\"https:\/\/acquavita.it\/#\/schema\/logo\/image\/\"}}]}<\/script>\n<!-- \/ Yoast SEO plugin. -->","yoast_head_json":{"title":"CONTACT - Acquavita","robots":{"index":"index","follow":"follow","max-snippet":"max-snippet:-1","max-image-preview":"max-image-preview:large","max-video-preview":"max-video-preview:-1"},"canonical":"https:\/\/acquavita.it\/fr\/contact\/","og_locale":"fr_FR","og_type":"article","og_title":"CONTACT - Acquavita","og_description":"CONTACT ACQUAVITA Rooms with Canal View Contactez-nous Remplissez le formulaire suivant pour nous envoyer votre demande de r\u00e9servation ousimplement pour demander des informations. Nous sommes disponibles ! E-mail : info@acquavita.it T\u00e9l\u00e9phone : +39 0415222767 Promotion R\u00e9servez sur notre site et \u00e9conomisez jusqu\u2019\u00e0 20% par rapport aux prix demand\u00e9s sur d\u2019autres sites de r\u00e9servation comme booking.com, [&hellip;]","og_url":"https:\/\/acquavita.it\/fr\/contact\/","og_site_name":"Acquavita","article_modified_time":"2025-11-27T19:42:35+00:00","og_image":[{"width":2400,"height":1500,"url":"https:\/\/acquavita.it\/wp-content\/uploads\/2025\/04\/rebe-adelaida-zunQwMy5B6M-unsplash.jpg","type":"image\/jpeg"}],"twitter_card":"summary_large_image","twitter_misc":{"Dur\u00e9e de lecture estim\u00e9e":"1 minute"},"schema":{"@context":"https:\/\/schema.org","@graph":[{"@type":"WebPage","@id":"https:\/\/acquavita.it\/fr\/contact\/","url":"https:\/\/acquavita.it\/fr\/contact\/","name":"CONTACT - Acquavita","isPartOf":{"@id":"https:\/\/acquavita.it\/#website"},"primaryImageOfPage":{"@id":"https:\/\/acquavita.it\/fr\/contact\/#primaryimage"},"image":{"@id":"https:\/\/acquavita.it\/fr\/contact\/#primaryimage"},"thumbnailUrl":"https:\/\/acquavita.it\/wp-content\/uploads\/2025\/04\/rebe-adelaida-zunQwMy5B6M-unsplash.jpg","datePublished":"2023-05-22T10:50:07+00:00","dateModified":"2025-11-27T19:42:35+00:00","breadcrumb":{"@id":"https:\/\/acquavita.it\/fr\/contact\/#breadcrumb"},"inLanguage":"fr-FR","potentialAction":[{"@type":"ReadAction","target":["https:\/\/acquavita.it\/fr\/contact\/"]}]},{"@type":"ImageObject","inLanguage":"fr-FR","@id":"https:\/\/acquavita.it\/fr\/contact\/#primaryimage","url":"https:\/\/acquavita.it\/wp-content\/uploads\/2025\/04\/rebe-adelaida-zunQwMy5B6M-unsplash.jpg","contentUrl":"https:\/\/acquavita.it\/wp-content\/uploads\/2025\/04\/rebe-adelaida-zunQwMy5B6M-unsplash.jpg"},{"@type":"BreadcrumbList","@id":"https:\/\/acquavita.it\/fr\/contact\/#breadcrumb","itemListElement":[{"@type":"ListItem","position":1,"name":"Home","item":"https:\/\/acquavita.it\/fr\/"},{"@type":"ListItem","position":2,"name":"CONTACT"}]},{"@type":"WebSite","@id":"https:\/\/acquavita.it\/#website","url":"https:\/\/acquavita.it\/","name":"Acquavita","description":"Smart rooms &amp; Canal view","publisher":{"@id":"https:\/\/acquavita.it\/#organization"},"potentialAction":[{"@type":"SearchAction","target":{"@type":"EntryPoint","urlTemplate":"https:\/\/acquavita.it\/?s={search_term_string}"},"query-input":{"@type":"PropertyValueSpecification","valueRequired":true,"valueName":"search_term_string"}}],"inLanguage":"fr-FR"},{"@type":"Organization","@id":"https:\/\/acquavita.it\/#organization","name":"Acquavita","url":"https:\/\/acquavita.it\/","logo":{"@type":"ImageObject","inLanguage":"fr-FR","@id":"https:\/\/acquavita.it\/#\/schema\/logo\/image\/","url":"https:\/\/acquavita.it\/wp-content\/uploads\/2023\/10\/Icon.png","contentUrl":"https:\/\/acquavita.it\/wp-content\/uploads\/2023\/10\/Icon.png","width":441,"height":149,"caption":"Acquavita"},"image":{"@id":"https:\/\/acquavita.it\/#\/schema\/logo\/image\/"}}]}},"_links":{"self":[{"href":"https:\/\/acquavita.it\/fr\/wp-json\/wp\/v2\/pages\/4027","targetHints":{"allow":["GET"]}}],"collection":[{"href":"https:\/\/acquavita.it\/fr\/wp-json\/wp\/v2\/pages"}],"about":[{"href":"https:\/\/acquavita.it\/fr\/wp-json\/wp\/v2\/types\/page"}],"author":[{"embeddable":true,"href":"https:\/\/acquavita.it\/fr\/wp-json\/wp\/v2\/users\/1"}],"replies":[{"embeddable":true,"href":"https:\/\/acquavita.it\/fr\/wp-json\/wp\/v2\/comments?post=4027"}],"version-history":[{"count":20,"href":"https:\/\/acquavita.it\/fr\/wp-json\/wp\/v2\/pages\/4027\/revisions"}],"predecessor-version":[{"id":5217,"href":"https:\/\/acquavita.it\/fr\/wp-json\/wp\/v2\/pages\/4027\/revisions\/5217"}],"wp:attachment":[{"href":"https:\/\/acquavita.it\/fr\/wp-json\/wp\/v2\/media?parent=4027"}],"curies":[{"name":"wp","href":"https:\/\/api.w.org\/{rel}","templated":true}]}}